{"id":4526,"date":"2022-12-16T15:47:32","date_gmt":"2022-12-16T14:47:32","guid":{"rendered":"https:\/\/autorennbahnplaner.de\/declaration-de-confidentialite\/"},"modified":"2023-08-03T15:31:21","modified_gmt":"2023-08-03T13:31:21","slug":"declaration-de-confidentialite","status":"publish","type":"page","link":"https:\/\/autorennbahnplaner.de\/fr\/declaration-de-confidentialite\/","title":{"rendered":"D\u00e9claration de confidentialit\u00e9"},"content":{"rendered":"\t\t<div data-elementor-type=\"wp-page\" data-elementor-id=\"4526\" class=\"elementor elementor-4526 elementor-20\" data-elementor-post-type=\"page\">\n\t\t\t\t\t\t<section class=\"elementor-section elementor-top-section elementor-element elementor-element-b85454f elementor-section-boxed elementor-section-height-default elementor-section-height-default\" data-id=\"b85454f\" data-element_type=\"section\" data-settings=\"{&quot;background_background&quot;:&quot;gradient&quot;}\">\n\t\t\t\t\t\t<div class=\"elementor-container elementor-column-gap-no\">\n\t\t\t\t\t<div class=\"elementor-column elementor-col-100 elementor-top-column elementor-element elementor-element-87fac2b\" data-id=\"87fac2b\" data-element_type=\"column\">\n\t\t\t<div class=\"elementor-widget-wrap elementor-element-populated\">\n\t\t\t\t\t\t<div class=\"elementor-element elementor-element-4ff8b2a elementor-widget elementor-widget-text-editor\" data-id=\"4ff8b2a\" data-element_type=\"widget\" data-widget_type=\"text-editor.default\">\n\t\t\t\t<div class=\"elementor-widget-container\">\n\t\t\t\t\t\t\t\t\t<p>Vie priv\u00e9e et protection des donn\u00e9es<\/p>\n<p>\u00a7 1 G\u00e9n\u00e9ralit\u00e9s<\/p>\n<p>Vos donn\u00e9es personnelles (par ex. titre, nom, adresse, adresse e-mail, num\u00e9ro de t\u00e9l\u00e9phone, coordonn\u00e9es bancaires, num\u00e9ro de carte de cr\u00e9dit) ne sont trait\u00e9es par nous que conform\u00e9ment aux dispositions de la loi allemande sur la protection des donn\u00e9es et de la loi sur la protection des donn\u00e9es de l&rsquo;Union europ\u00e9enne (UE). Les dispositions suivantes vous informent non seulement sur les finalit\u00e9s du traitement, les destinataires, les bases juridiques, les d\u00e9lais de conservation, mais aussi sur vos droits et sur le responsable du traitement de vos donn\u00e9es. Cette d\u00e9claration de protection des donn\u00e9es ne concerne que nos pages web. Si vous \u00eates redirig\u00e9 vers d&rsquo;autres sites par des liens sur nos pages, veuillez vous y informer sur la mani\u00e8re dont vos donn\u00e9es sont trait\u00e9es.<\/p>\n<p>\u00a7 2 Traitement des donn\u00e9es pour l&rsquo;ex\u00e9cution du contrat<\/p>\n<p>(1) Finalit\u00e9 du traitement<\/p>\n<p>Les donn\u00e9es personnelles que vous nous fournissez lors du processus de commande sont n\u00e9cessaires \u00e0 la conclusion d&rsquo;un contrat avec nous. Vous n&rsquo;\u00eates pas oblig\u00e9 de fournir vos donn\u00e9es personnelles. Pour certaines proc\u00e9dures de paiement, nous avons toutefois besoin, par exemple, des donn\u00e9es de paiement n\u00e9cessaires pour les transmettre \u00e0 un prestataire de services de paiement que nous avons mandat\u00e9. Le traitement des donn\u00e9es que vous avez saisies lors du processus de commande a donc lieu dans le but d&rsquo;ex\u00e9cuter le contrat.<\/p>\n<p>Si vous nous adressez une demande par e-mail, via un formulaire de contact, etc. avant la conclusion d&rsquo;un contrat, nous traitons les donn\u00e9es re\u00e7ues par ce biais afin d&rsquo;ex\u00e9cuter des mesures pr\u00e9contractuelles et de r\u00e9pondre, par exemple, \u00e0 vos questions sur nos produits.<\/p>\n<p>En cas d&rsquo;ouverture d&rsquo;un compte client, vos donn\u00e9es (en particulier nom, adresse, mode de paiement, e-mail et mot de passe) sont trait\u00e9es pour l&rsquo;enregistrement et la cr\u00e9ation d&rsquo;un login client. Les donn\u00e9es enregistr\u00e9es vous permettent de faire vos achats plus rapidement chez nous et de consulter \u00e0 tout moment les commandes que vous avez pass\u00e9es. Vous pouvez supprimer le compte en nous envoyant un message ou en utilisant une fonction de suppression.<\/p>\n<p>(2) Base juridique<\/p>\n<p>La base juridique de ce traitement est l&rsquo;art.6 alin\u00e9a 1b) du RGPD.<\/p>\n<p>(3) Cat\u00e9gories de destinataires<\/p>\n<p>Prestataires de services de paiement, h\u00e9bergeurs<\/p>\n<p>(4) Dur\u00e9e de conservation<\/p>\n<p>Nous enregistrons les donn\u00e9es n\u00e9cessaires \u00e0 l&rsquo;ex\u00e9cution du contrat jusqu&rsquo;\u00e0 l&rsquo;expiration des d\u00e9lais de garantie l\u00e9gaux et, le cas \u00e9ch\u00e9ant, des d\u00e9lais de garantie contractuels.<\/p>\n<p>Nous conservons les donn\u00e9es requises par le droit commercial et fiscal pendant les p\u00e9riodes d\u00e9finies par la loi, r\u00e9guli\u00e8rement dix ans (cf. \u00a7257 HGB, \u00a7147 AO).<\/p>\n<p>Les donn\u00e9es trait\u00e9es pour l&rsquo;ex\u00e9cution de mesures pr\u00e9contractuelles sont effac\u00e9es d\u00e8s que les mesures ont \u00e9t\u00e9 ex\u00e9cut\u00e9es et qu&rsquo;il n&rsquo;y a manifestement pas de conclusion de contrat.<\/p>\n<p>\u00a7 3 Commentaires<\/p>\n<p>(1) Finalit\u00e9 du traitement<\/p>\n<p>Il est possible de r\u00e9diger un commentaire. Vos donn\u00e9es (par ex. nom\/pseudonyme, adresse e-mail, site web) ne seront alors trait\u00e9es que dans le but de publier votre commentaire.<\/p>\n<p>(2) Base juridique<\/p>\n<p>La base juridique de ce traitement est l&rsquo;art. 6, al. 1 f) du RGPD.<\/p>\n<p>(3) Int\u00e9r\u00eat l\u00e9gitime<\/p>\n<p>Notre int\u00e9r\u00eat l\u00e9gitime est l&rsquo;\u00e9change public d&rsquo;avis d&rsquo;utilisateurs sur certains th\u00e8mes et produits. La publication sert entre autres \u00e0 la transparence et \u00e0 la formation de l&rsquo;opinion. Votre int\u00e9r\u00eat pour la protection des donn\u00e9es est pr\u00e9serv\u00e9, car vous pouvez publier votre commentaire sous un pseudonyme.<\/p>\n<p>(4) Dur\u00e9e de conservation<\/p>\n<p>Aucune dur\u00e9e de stockage sp\u00e9cifique n&rsquo;est pr\u00e9vue. Vous pouvez \u00e0 tout moment demander la suppression de votre commentaire.<\/p>\n<p>(5) DROIT D&rsquo;OPPOSITION<\/p>\n<p>Vous avez le droit de vous opposer au traitement des donn\u00e9es effectu\u00e9 sur la base de l&rsquo;art. 6 de la loi sur la protection des donn\u00e9es. Abs. 1 f) du RGPD et ne sert pas \u00e0 la publicit\u00e9 directe, pour des raisons li\u00e9es \u00e0 votre situation particuli\u00e8re, de vous y opposer \u00e0 tout moment.<\/p>\n<p>En revanche, dans le cas de la publicit\u00e9 directe, vous pouvez vous opposer \u00e0 tout moment au traitement sans avoir \u00e0 vous justifier.<\/p>\n<p>\u00a7 4 Vos droits en tant que personne concern\u00e9e<\/p>\n<p>Si des donn\u00e9es \u00e0 caract\u00e8re personnel vous concernant sont trait\u00e9es, vous \u00eates une personne concern\u00e9e au sens du RGPD et vous disposez des droits suivants \u00e0 notre \u00e9gard en tant que responsable du traitement :<\/p>\n<p>1. droit \u00e0 l&rsquo;information<\/p>\n<p>Dans le cadre de l&rsquo;article 15 du RGPD, vous pouvez demander des informations sur les donn\u00e9es \u00e0 caract\u00e8re personnel que nous traitons.<\/p>\n<p>2. droit de rectification<\/p>\n<p>Si les informations vous concernant ne sont pas (ou plus) exactes, vous pouvez en demander la rectification conform\u00e9ment \u00e0 l&rsquo;article 16 du RGPD. Si vos donn\u00e9es sont incompl\u00e8tes, vous pouvez demander \u00e0 ce qu&rsquo;elles soient compl\u00e9t\u00e9es.<\/p>\n<p>3. droit \u00e0 l&rsquo;effacement<\/p>\n<p>Vous pouvez demander la suppression de vos donn\u00e9es personnelles dans les conditions de l&rsquo;article 17 du RGPD.<\/p>\n<p>4. droit \u00e0 la limitation du traitement<\/p>\n<p>Dans le cadre des dispositions de l&rsquo;article 18 du RGPD, vous avez le droit d&rsquo;exiger une limitation du traitement des donn\u00e9es vous concernant.<\/p>\n<p>5. droit \u00e0 la portabilit\u00e9 des donn\u00e9es<\/p>\n<p>Conform\u00e9ment \u00e0 l&rsquo;article 20 du RGPD, vous avez le droit de recevoir les donn\u00e9es \u00e0 caract\u00e8re personnel vous concernant que vous nous avez fournies dans un format structur\u00e9, couramment utilis\u00e9 et lisible par machine, ou de demander leur transmission \u00e0 un autre responsable.<\/p>\n<p>6. droit de r\u00e9voquer la d\u00e9claration de consentement en mati\u00e8re de protection des donn\u00e9es<\/p>\n<p>Vous avez le droit, en vertu de l&rsquo;article 7, paragraphe 1, de la loi sur la protection des donn\u00e9es, de vous opposer au traitement de vos donn\u00e9es personnelles. 3 RGPD, vous avez le droit de r\u00e9voquer \u00e0 tout moment votre d\u00e9claration de consentement en mati\u00e8re de protection des donn\u00e9es. La lic\u00e9it\u00e9 du traitement effectu\u00e9 sur la base du consentement jusqu&rsquo;\u00e0 la r\u00e9vocation n&rsquo;en est pas affect\u00e9e.<\/p>\n<p>7. droit de d\u00e9poser une plainte aupr\u00e8s d&rsquo;une autorit\u00e9 de contr\u00f4le<\/p>\n<p>Si vous estimez que le traitement des donn\u00e9es \u00e0 caract\u00e8re personnel vous concernant enfreint le RGPD, vous disposez, en vertu de l&rsquo;article 77 du RGPD, d&rsquo;un droit de recours aupr\u00e8s d&rsquo;une autorit\u00e9 de contr\u00f4le (notamment dans l&rsquo;\u00c9tat membre de votre lieu de r\u00e9sidence, de votre lieu de travail ou du lieu de l&rsquo;infraction pr\u00e9sum\u00e9e).<\/p>\n<p>Veuillez \u00e9galement tenir compte de votre droit d&rsquo;opposition conform\u00e9ment \u00e0 l&rsquo;article 21 du RGPD :<\/p>\n<p>a) En g\u00e9n\u00e9ral : une opposition motiv\u00e9e est n\u00e9cessaire<\/p>\n<p>Lorsque le traitement de donn\u00e9es \u00e0 caract\u00e8re personnel vous concernant est effectu\u00e9<\/p>\n<p>&#8211; pour pr\u00e9server notre int\u00e9r\u00eat l\u00e9gitime pr\u00e9pond\u00e9rant (base juridique selon l&rsquo;article 6, paragraphe 1, f) du RGPD) ou<\/p>\n<p>&#8211; dans l&rsquo;int\u00e9r\u00eat public (base juridique selon l&rsquo;article 6, paragraphe 1, point e) du RGPD),<\/p>\n<p>vous avez le droit de vous opposer \u00e0 tout moment au traitement pour des raisons tenant \u00e0 votre situation particuli\u00e8re ; cela vaut \u00e9galement pour le profilage fond\u00e9 sur les dispositions du RGPD.<\/p>\n<p>En cas d&rsquo;opposition, nous ne traitons plus les donn\u00e9es \u00e0 caract\u00e8re personnel vous concernant, \u00e0 moins que nous puissions d\u00e9montrer qu&rsquo;il existe des motifs l\u00e9gitimes et imp\u00e9rieux pour le traitement qui pr\u00e9valent sur vos int\u00e9r\u00eats, vos droits et vos libert\u00e9s, ou que le traitement sert \u00e0 faire valoir, \u00e0 exercer ou \u00e0 d\u00e9fendre des droits en justice.<\/p>\n<p>b) Cas particulier de la publicit\u00e9 directe : une simple opposition suffit<\/p>\n<p>Si les donn\u00e9es \u00e0 caract\u00e8re personnel vous concernant sont trait\u00e9es \u00e0 des fins de publicit\u00e9 directe, vous avez le droit de vous opposer \u00e0 tout moment et sans justification \u00e0 ce traitement ; cela vaut \u00e9galement pour le profilage dans la mesure o\u00f9 il est li\u00e9 \u00e0 une telle publicit\u00e9 directe.<\/p>\n<p>Si vous vous opposez au traitement \u00e0 des fins de publicit\u00e9 directe, les donn\u00e9es \u00e0 caract\u00e8re personnel vous concernant ne seront plus trait\u00e9es \u00e0 ces fins.<\/p>\n<p>Responsable du traitement des donn\u00e9es :<br \/>Mark Erik Prinz<br \/>Hermann-L\u00f6ns-Str. 6c<br \/>63322 R\u00f6dermark<br \/>T\u00e9l\u00e9phone : +49 1707640655<br \/>info@autorennbahnplaner.de<\/p>\n<p>8. cookie de Borlab<\/p>\n<p>Ce site utilise le cookie de Borlab, qui place un cookie techniquement n\u00e9cessaire (borlabs-cookie) pour enregistrer vos consentements en mati\u00e8re de cookies.<\/p>\n<p>Le cookie de Borlab ne traite aucune donn\u00e9e personnelle.<\/p>\n<p>Le cookie borlabs-cookie enregistre les consentements que vous avez donn\u00e9s en entrant sur le site. Si vous souhaitez r\u00e9voquer ces consentements, il vous suffit de supprimer le cookie dans votre navigateur. Si vous acc\u00e9dez \u00e0 nouveau au site web\/le rechargez, il vous sera \u00e0 nouveau demand\u00e9 de donner votre consentement aux cookies.<\/p>\n\t\t\t\t\t\t\t\t<\/div>\n\t\t\t\t<\/div>\n\t\t\t\t\t<\/div>\n\t\t<\/div>\n\t\t\t\t\t<\/div>\n\t\t<\/section>\n\t\t\t\t<\/div>\n\t\t","protected":false},"excerpt":{"rendered":"<p>Vie priv\u00e9e et protection des donn\u00e9es \u00a7 1 G\u00e9n\u00e9ralit\u00e9s Vos donn\u00e9es personnelles (par ex. titre, nom, adresse, adresse e-mail, num\u00e9ro de t\u00e9l\u00e9phone, coordonn\u00e9es bancaires, num\u00e9ro de carte de cr\u00e9dit) ne sont trait\u00e9es par nous que conform\u00e9ment aux dispositions de la loi allemande sur la protection des donn\u00e9es et de la loi sur la protection des [&hellip;]<\/p>\n","protected":false},"author":1,"featured_media":0,"parent":0,"menu_order":0,"comment_status":"closed","ping_status":"closed","template":"","meta":{"footnotes":""},"class_list":["post-4526","page","type-page","status-publish","hentry"],"_links":{"self":[{"href":"https:\/\/autorennbahnplaner.de\/fr\/wp-json\/wp\/v2\/pages\/4526","targetHints":{"allow":["GET"]}}],"collection":[{"href":"https:\/\/autorennbahnplaner.de\/fr\/wp-json\/wp\/v2\/pages"}],"about":[{"href":"https:\/\/autorennbahnplaner.de\/fr\/wp-json\/wp\/v2\/types\/page"}],"author":[{"embeddable":true,"href":"https:\/\/autorennbahnplaner.de\/fr\/wp-json\/wp\/v2\/users\/1"}],"replies":[{"embeddable":true,"href":"https:\/\/autorennbahnplaner.de\/fr\/wp-json\/wp\/v2\/comments?post=4526"}],"version-history":[{"count":2,"href":"https:\/\/autorennbahnplaner.de\/fr\/wp-json\/wp\/v2\/pages\/4526\/revisions"}],"predecessor-version":[{"id":4553,"href":"https:\/\/autorennbahnplaner.de\/fr\/wp-json\/wp\/v2\/pages\/4526\/revisions\/4553"}],"wp:attachment":[{"href":"https:\/\/autorennbahnplaner.de\/fr\/wp-json\/wp\/v2\/media?parent=4526"}],"curies":[{"name":"wp","href":"https:\/\/api.w.org\/{rel}","templated":true}]}}