{"id":4426,"date":"2022-12-16T15:47:32","date_gmt":"2022-12-16T14:47:32","guid":{"rendered":"https:\/\/autorennbahnplaner.de\/mentions-legales\/"},"modified":"2023-09-06T17:29:03","modified_gmt":"2023-09-06T15:29:03","slug":"mentions-legales","status":"publish","type":"page","link":"https:\/\/autorennbahnplaner.de\/fr\/mentions-legales\/","title":{"rendered":"Mentions l\u00e9gales"},"content":{"rendered":"\t\t<div data-elementor-type=\"wp-page\" data-elementor-id=\"4426\" class=\"elementor elementor-4426 elementor-21\" data-elementor-post-type=\"page\">\n\t\t\t\t\t\t<section class=\"elementor-section elementor-top-section elementor-element elementor-element-536ef2d9 elementor-section-boxed elementor-section-height-default elementor-section-height-default\" data-id=\"536ef2d9\" data-element_type=\"section\">\n\t\t\t\t\t\t<div class=\"elementor-container elementor-column-gap-default\">\n\t\t\t\t\t<div class=\"elementor-column elementor-col-100 elementor-top-column elementor-element elementor-element-507b25a6\" data-id=\"507b25a6\" data-element_type=\"column\">\n\t\t\t<div class=\"elementor-widget-wrap elementor-element-populated\">\n\t\t\t\t\t\t<div class=\"elementor-element elementor-element-7224e60f elementor-widget elementor-widget-shortcode\" data-id=\"7224e60f\" data-element_type=\"widget\" data-widget_type=\"shortcode.default\">\n\t\t\t\t<div class=\"elementor-widget-container\">\n\t\t\t\t\t\t\t<div class=\"elementor-shortcode\">\n<div class=\"woocommerce woocommerce-gzd woocommerce-gzd-complaints-shortcode\">\n\t\t\t<h3>Alternative Dispute Resolution in accordance with Art. 14 (1) ODR-VO and \u00a7 36 VSBG:<\/h3>\n\t\nLa Commission europ\u00e9enne met \u00e0 disposition une plate-forme de r\u00e8glement en ligne des litiges (OS) que tu trouveras sur https:\/\/ec.europa.eu\/consumers\/odr. Nous ne sommes pas tenus de participer \u00e0 une proc\u00e9dure de r\u00e8glement des litiges devant un organisme de conciliation des consommateurs et ne sommes pas dispos\u00e9s \u00e0 le faire.<\/div><\/div>\n\t\t\t\t\t\t<\/div>\n\t\t\t\t<\/div>\n\t\t\t\t\t<\/div>\n\t\t<\/div>\n\t\t\t\t\t<\/div>\n\t\t<\/section>\n\t\t\t\t<section class=\"elementor-section elementor-top-section elementor-element elementor-element-1b8fbe9 elementor-section-boxed elementor-section-height-default elementor-section-height-default\" data-id=\"1b8fbe9\" data-element_type=\"section\" data-settings=\"{&quot;background_background&quot;:&quot;gradient&quot;}\">\n\t\t\t\t\t\t<div class=\"elementor-container elementor-column-gap-no\">\n\t\t\t\t\t<div class=\"elementor-column elementor-col-100 elementor-top-column elementor-element elementor-element-c988208\" data-id=\"c988208\" data-element_type=\"column\">\n\t\t\t<div class=\"elementor-widget-wrap elementor-element-populated\">\n\t\t\t\t\t\t<div class=\"elementor-element elementor-element-f31ecdc elementor-widget elementor-widget-text-editor\" data-id=\"f31ecdc\" data-element_type=\"widget\" data-widget_type=\"text-editor.default\">\n\t\t\t\t<div class=\"elementor-widget-container\">\n\t\t\t\t\t\t\t\t\t<h2>Mentions l\u00e9gales<\/h2>\n<h3>Informations selon \u00a7 5 TMG<\/h3>\n<p>Mark Erik Prinz<br \/>Hermann-L\u00f6ns-Str. 6c<br \/>63322 R\u00f6dermark<br \/>T\u00e9l\u00e9phone : +49 1707640655<br \/>E-mail : info[at]autorennbahnplaner.de<br \/>Internet : https:\/\/www.autorennbahnplaner.de<\/p>\n<h3>Responsable de la r\u00e9daction<\/h3>\n<p>Mark Erik Prinz<br \/>Hermann-L\u00f6ns-Str. 6c<br \/>63322 R\u00f6dermark<\/p>\n<h3>Num\u00e9ro d&rsquo;identification de la taxe sur le chiffre d&rsquo;affaires<\/h3>\n<p>Num\u00e9ro d&rsquo;identification de la taxe sur le chiffre d&rsquo;affaires conform\u00e9ment au \u00a727a de la loi allemande sur la taxe sur le chiffre d&rsquo;affaires (UStG) : DE274644155<\/p>\n<h3>Informations sur l&rsquo;assurance responsabilit\u00e9 civile professionnelle<\/h3>\n<p><strong>Nom et si\u00e8ge de l&rsquo;assureur :<\/strong><br \/>B\u00e2loise Assurances, Basler Str. 4, 61345 Bad Homburg<\/p>\n<p><b>Couverture g\u00e9ographique :<\/b> sur l&rsquo;ensemble du territoire de l&rsquo;UE et des \u00c9tats membres de l&rsquo;accord sur l&rsquo;Espace \u00e9conomique europ\u00e9en.<\/p>\n<h3>R\u00e8glement des litiges de l&rsquo;UE<\/h3>\n<p>La Commission europ\u00e9enne met \u00e0 disposition une plateforme de r\u00e8glement en ligne des litiges (RLL) <a href=\"https:\/\/ec.europa.eu\/consumers\/odr\/\" target=\"_blank\" rel=\"noopener noreferrer\">: https:\/\/ec.europa.eu\/consumers\/odr\/.<\/a><br \/>Vous trouverez notre adresse e-mail en haut dans les mentions l\u00e9gales.<\/p>\n<h3>R\u00e8glement des litiges de consommation\/organisme de conciliation universel<\/h3>\n<p>Nous ne sommes pas pr\u00eats ou oblig\u00e9s de participer \u00e0 des proc\u00e9dures de r\u00e8glement des litiges devant un organisme de conciliation des consommateurs.<\/p>\n<h3>R\u00e9alisation design\/technique<\/h3>\n<p><a href=\"https:\/\/www.topinx.de\/\" target=\"_blank\" rel=\"noopener\">Topinx<\/a> &#8211; Vos <a href=\"https:\/\/www.topinx.de\/seo-news\/seo-experte\" target=\"_blank\" rel=\"noopener\">experts SEO<\/a> \u00e0 Hanovre<\/p>\n\t\t\t\t\t\t\t\t<\/div>\n\t\t\t\t<\/div>\n\t\t\t\t\t<\/div>\n\t\t<\/div>\n\t\t\t\t\t<\/div>\n\t\t<\/section>\n\t\t\t\t<\/div>\n\t\t","protected":false},"excerpt":{"rendered":"<p>Mentions l\u00e9gales Informations selon \u00a7 5 TMG Mark Erik PrinzHermann-L\u00f6ns-Str. 6c63322 R\u00f6dermarkT\u00e9l\u00e9phone : +49 1707640655E-mail : info[at]autorennbahnplaner.deInternet : https:\/\/www.autorennbahnplaner.de Responsable de la r\u00e9daction Mark Erik PrinzHermann-L\u00f6ns-Str. 6c63322 R\u00f6dermark Num\u00e9ro d&rsquo;identification de la taxe sur le chiffre d&rsquo;affaires Num\u00e9ro d&rsquo;identification de la taxe sur le chiffre d&rsquo;affaires conform\u00e9ment au \u00a727a de la loi allemande sur la [&hellip;]<\/p>\n","protected":false},"author":1,"featured_media":0,"parent":0,"menu_order":0,"comment_status":"closed","ping_status":"closed","template":"","meta":{"footnotes":""},"class_list":["post-4426","page","type-page","status-publish","hentry"],"_links":{"self":[{"href":"https:\/\/autorennbahnplaner.de\/fr\/wp-json\/wp\/v2\/pages\/4426","targetHints":{"allow":["GET"]}}],"collection":[{"href":"https:\/\/autorennbahnplaner.de\/fr\/wp-json\/wp\/v2\/pages"}],"about":[{"href":"https:\/\/autorennbahnplaner.de\/fr\/wp-json\/wp\/v2\/types\/page"}],"author":[{"embeddable":true,"href":"https:\/\/autorennbahnplaner.de\/fr\/wp-json\/wp\/v2\/users\/1"}],"replies":[{"embeddable":true,"href":"https:\/\/autorennbahnplaner.de\/fr\/wp-json\/wp\/v2\/comments?post=4426"}],"version-history":[{"count":2,"href":"https:\/\/autorennbahnplaner.de\/fr\/wp-json\/wp\/v2\/pages\/4426\/revisions"}],"predecessor-version":[{"id":4506,"href":"https:\/\/autorennbahnplaner.de\/fr\/wp-json\/wp\/v2\/pages\/4426\/revisions\/4506"}],"wp:attachment":[{"href":"https:\/\/autorennbahnplaner.de\/fr\/wp-json\/wp\/v2\/media?parent=4426"}],"curies":[{"name":"wp","href":"https:\/\/api.w.org\/{rel}","templated":true}]}}