{"id":4123,"date":"2022-12-16T15:47:32","date_gmt":"2022-12-16T14:47:32","guid":{"rendered":"https:\/\/autorennbahnplaner.de\/information-sur-le-droit-de-retractation\/"},"modified":"2023-09-06T17:29:03","modified_gmt":"2023-09-06T15:29:03","slug":"information-sur-le-droit-de-retractation","status":"publish","type":"page","link":"https:\/\/autorennbahnplaner.de\/fr\/information-sur-le-droit-de-retractation\/","title":{"rendered":"Information sur le droit de r\u00e9tractation"},"content":{"rendered":"\t\t<div data-elementor-type=\"wp-page\" data-elementor-id=\"4123\" class=\"elementor elementor-4123 elementor-25\" data-elementor-post-type=\"page\">\n\t\t\t\t\t\t<section class=\"elementor-section elementor-top-section elementor-element elementor-element-d613e98 elementor-section-boxed elementor-section-height-default elementor-section-height-default\" data-id=\"d613e98\" data-element_type=\"section\" data-settings=\"{&quot;background_background&quot;:&quot;gradient&quot;}\">\n\t\t\t\t\t\t<div class=\"elementor-container elementor-column-gap-no\">\n\t\t\t\t\t<div class=\"elementor-column elementor-col-100 elementor-top-column elementor-element elementor-element-96d0cfa\" data-id=\"96d0cfa\" data-element_type=\"column\">\n\t\t\t<div class=\"elementor-widget-wrap elementor-element-populated\">\n\t\t\t\t\t\t<div class=\"elementor-element elementor-element-83811bd elementor-widget elementor-widget-text-editor\" data-id=\"83811bd\" data-element_type=\"widget\" data-widget_type=\"text-editor.default\">\n\t\t\t\t<div class=\"elementor-widget-container\">\n\t\t\t\t\t\t\t\t\t<p>Droit de r\u00e9tractation  <\/p>\n<p>Vous avez le droit de vous r\u00e9tracter du pr\u00e9sent contrat dans un d\u00e9lai de quatorze jours sans donner de motif.<\/p>\n<p>Le d\u00e9lai de r\u00e9tractation est de quatorze jours \u00e0 compter de la date de conclusion du contrat.<\/p>\n<p>Pour exercer votre droit de r\u00e9tractation, vous devez nous informer (Mark Erik Prinz, Hermann-L\u00f6ns-Str. 6c, 63322 R\u00f6dermark, info@autorennbahnplaner.de, t\u00e9l\u00e9phone : +49 1707640655) de votre d\u00e9cision de vous r\u00e9tracter du pr\u00e9sent contrat au moyen d&rsquo;une d\u00e9claration sans \u00e9quivoque (par exemple, lettre envoy\u00e9e par la poste, t\u00e9l\u00e9copie ou courrier \u00e9lectronique). Vous pouvez utiliser \u00e0 cet effet le mod\u00e8le de formulaire de r\u00e9tractation ci-joint, qui n&rsquo;est toutefois pas obligatoire.<\/p>\n<p>Pour que le d\u00e9lai de r\u00e9tractation soit respect\u00e9, il suffit que vous envoyiez la communication relative \u00e0 l&rsquo;exercice du droit de r\u00e9tractation avant l&rsquo;expiration du d\u00e9lai de r\u00e9tractation.<\/p>\n<p>Cons\u00e9quences de la r\u00e9vocation<\/p>\n<p>En cas de r\u00e9tractation du pr\u00e9sent contrat, nous vous rembourserons tous les paiements re\u00e7us de votre part, y compris les frais de livraison (\u00e0 l&rsquo;exception des frais suppl\u00e9mentaires d\u00e9coulant du fait que vous avez choisi un mode de livraison autre que le mode de livraison standard le moins cher que nous proposons), sans retard excessif et au plus tard quatorze jours \u00e0 compter de la date \u00e0 laquelle nous aurons re\u00e7u la communication de votre d\u00e9cision de r\u00e9tractation du pr\u00e9sent contrat. Pour ce remboursement, nous utilisons le m\u00eame moyen de paiement que celui que vous avez utilis\u00e9 pour la transaction initiale, \u00e0 moins qu&rsquo;il n&rsquo;en ait \u00e9t\u00e9 express\u00e9ment convenu autrement avec vous ; en aucun cas, des frais ne vous seront factur\u00e9s pour ce remboursement.<\/p>\n\t\t\t\t\t\t\t\t<\/div>\n\t\t\t\t<\/div>\n\t\t\t\t\t<\/div>\n\t\t<\/div>\n\t\t\t\t\t<\/div>\n\t\t<\/section>\n\t\t\t\t<\/div>\n\t\t","protected":false},"excerpt":{"rendered":"<p>Droit de r\u00e9tractation Vous avez le droit de vous r\u00e9tracter du pr\u00e9sent contrat dans un d\u00e9lai de quatorze jours sans donner de motif. Le d\u00e9lai de r\u00e9tractation est de quatorze jours \u00e0 compter de la date de conclusion du contrat. Pour exercer votre droit de r\u00e9tractation, vous devez nous informer (Mark Erik Prinz, Hermann-L\u00f6ns-Str. 6c, [&hellip;]<\/p>\n","protected":false},"author":1,"featured_media":0,"parent":0,"menu_order":0,"comment_status":"closed","ping_status":"closed","template":"","meta":{"footnotes":""},"class_list":["post-4123","page","type-page","status-publish","hentry"],"_links":{"self":[{"href":"https:\/\/autorennbahnplaner.de\/fr\/wp-json\/wp\/v2\/pages\/4123","targetHints":{"allow":["GET"]}}],"collection":[{"href":"https:\/\/autorennbahnplaner.de\/fr\/wp-json\/wp\/v2\/pages"}],"about":[{"href":"https:\/\/autorennbahnplaner.de\/fr\/wp-json\/wp\/v2\/types\/page"}],"author":[{"embeddable":true,"href":"https:\/\/autorennbahnplaner.de\/fr\/wp-json\/wp\/v2\/users\/1"}],"replies":[{"embeddable":true,"href":"https:\/\/autorennbahnplaner.de\/fr\/wp-json\/wp\/v2\/comments?post=4123"}],"version-history":[{"count":1,"href":"https:\/\/autorennbahnplaner.de\/fr\/wp-json\/wp\/v2\/pages\/4123\/revisions"}],"predecessor-version":[{"id":4793,"href":"https:\/\/autorennbahnplaner.de\/fr\/wp-json\/wp\/v2\/pages\/4123\/revisions\/4793"}],"wp:attachment":[{"href":"https:\/\/autorennbahnplaner.de\/fr\/wp-json\/wp\/v2\/media?parent=4123"}],"curies":[{"name":"wp","href":"https:\/\/api.w.org\/{rel}","templated":true}]}}