{"id":4059,"date":"2022-12-31T19:01:12","date_gmt":"2022-12-31T18:01:12","guid":{"rendered":"https:\/\/autorennbahnplaner.de\/telechargements\/"},"modified":"2025-05-27T11:02:50","modified_gmt":"2025-05-27T09:02:50","slug":"telechargements","status":"publish","type":"page","link":"https:\/\/autorennbahnplaner.de\/fr\/telechargements\/","title":{"rendered":"T\u00e9l\u00e9chargements"},"content":{"rendered":"\t\t<div data-elementor-type=\"wp-page\" data-elementor-id=\"4059\" class=\"elementor elementor-4059 elementor-553\" data-elementor-post-type=\"page\">\n\t\t\t\t\t\t<section class=\"elementor-section elementor-top-section elementor-element elementor-element-5a27ebb elementor-section-boxed elementor-section-height-default elementor-section-height-default\" data-id=\"5a27ebb\" data-element_type=\"section\" data-settings=\"{&quot;background_background&quot;:&quot;gradient&quot;}\">\n\t\t\t\t\t\t<div class=\"elementor-container elementor-column-gap-no\">\n\t\t\t\t\t<div class=\"elementor-column elementor-col-100 elementor-top-column elementor-element elementor-element-73e1cc6\" data-id=\"73e1cc6\" data-element_type=\"column\">\n\t\t\t<div class=\"elementor-widget-wrap elementor-element-populated\">\n\t\t\t\t\t\t<div class=\"elementor-element elementor-element-a85b4fa elementor-widget elementor-widget-heading\" data-id=\"a85b4fa\" data-element_type=\"widget\" data-widget_type=\"heading.default\">\n\t\t\t\t<div class=\"elementor-widget-container\">\n\t\t\t\t\t<h2 class=\"elementor-heading-title elementor-size-default\"><b>T\u00e9l\u00e9charge<\/b> le logiciel maintenant<\/h2>\t\t\t\t<\/div>\n\t\t\t\t<\/div>\n\t\t\t\t<section class=\"elementor-section elementor-inner-section elementor-element elementor-element-6530005 elementor-section-boxed elementor-section-height-default elementor-section-height-default\" data-id=\"6530005\" data-element_type=\"section\">\n\t\t\t\t\t\t<div class=\"elementor-container elementor-column-gap-no\">\n\t\t\t\t\t<div class=\"elementor-column elementor-col-50 elementor-inner-column elementor-element elementor-element-152ca69\" data-id=\"152ca69\" data-element_type=\"column\">\n\t\t\t<div class=\"elementor-widget-wrap elementor-element-populated\">\n\t\t\t\t\t\t<div class=\"elementor-element elementor-element-14cbbed elementor-widget elementor-widget-heading\" data-id=\"14cbbed\" data-element_type=\"widget\" data-widget_type=\"heading.default\">\n\t\t\t\t<div class=\"elementor-widget-container\">\n\t\t\t\t\t<h2 class=\"elementor-heading-title elementor-size-default\">Syst\u00e8mes Windows<\/h2>\t\t\t\t<\/div>\n\t\t\t\t<\/div>\n\t\t\t\t<div class=\"elementor-element elementor-element-95bc973 elementor-widget elementor-widget-text-editor\" data-id=\"95bc973\" data-element_type=\"widget\" data-widget_type=\"text-editor.default\">\n\t\t\t\t<div class=\"elementor-widget-container\">\n\t\t\t\t\t\t\t\t\t<p>Planificateur de parcours Carrera version 2022.001.002 <br \/>(17.06.2022) 4,2MB<\/p>\n\t\t\t\t\t\t\t\t<\/div>\n\t\t\t\t<\/div>\n\t\t\t\t<div class=\"elementor-element elementor-element-fb690b7 elementor-tablet-align-justify elementor-widget elementor-widget-button\" data-id=\"fb690b7\" data-element_type=\"widget\" data-widget_type=\"button.default\">\n\t\t\t\t<div class=\"elementor-widget-container\">\n\t\t\t\t\t\t\t\t\t<div class=\"elementor-button-wrapper\">\n\t\t\t\t\t<a class=\"elementor-button elementor-button-link elementor-size-sm\" href=\"#\">\n\t\t\t\t\t\t<span class=\"elementor-button-content-wrapper\">\n\t\t\t\t\t\t\t\t\t<span class=\"elementor-button-text\">T\u00e9l\u00e9charger pour Windows<\/span>\n\t\t\t\t\t<\/span>\n\t\t\t\t\t<\/a>\n\t\t\t\t<\/div>\n\t\t\t\t\t\t\t\t<\/div>\n\t\t\t\t<\/div>\n\t\t\t\t<div class=\"elementor-element elementor-element-12c247b elementor-widget elementor-widget-heading\" data-id=\"12c247b\" data-element_type=\"widget\" data-widget_type=\"heading.default\">\n\t\t\t\t<div class=\"elementor-widget-container\">\n\t\t\t\t\t<h2 class=\"elementor-heading-title elementor-size-default\">Syst\u00e8mes Windows<\/h2>\t\t\t\t<\/div>\n\t\t\t\t<\/div>\n\t\t\t\t<div class=\"elementor-element elementor-element-24613a4 elementor-hidden-tablet elementor-hidden-mobile elementor-widget elementor-widget-text-editor\" data-id=\"24613a4\" data-element_type=\"widget\" data-widget_type=\"text-editor.default\">\n\t\t\t\t<div class=\"elementor-widget-container\">\n\t\t\t\t\t\t\t\t\t<p>La version de d\u00e9monstration et la version compl\u00e8te du logiciel sont identiques. La version de d\u00e9monstration est limit\u00e9e \u00e0 20 pi\u00e8ces de rail et peut \u00eatre activ\u00e9e vers la version compl\u00e8te via une cl\u00e9 de licence au prix de 29,95 EUR.<\/p>\n<p><u><b>Pour tous les clients : <\/b><\/u><br \/><b>Veuillez d&rsquo;abord installer la derni\u00e8re version d&rsquo;Adobe\u00ae AIR\u2122, que vous pouvez <a href=\"https:\/\/airsdk.harman.com\/runtime\" target=\"_blank\" rel=\"noopener\">t\u00e9l\u00e9charger ici<\/a>.<\/b><\/p>\n<p><b>ATTENTION &#8211;<\/b> <u>Veillez<\/u> \u00e0 t\u00e9l\u00e9charger la <b>version AIR runtime including WebKit <\/b>et <b>NON<\/b> la version AIR runtime, car elle peut entra\u00eener des erreurs d&rsquo;affichage ! !!<\/p>\n<p><b>Pour les clients qui ont d\u00e9j\u00e0 install\u00e9 une version pr\u00e9c\u00e9dente :<\/b><br \/>Veuillez d&rsquo;abord supprimer la version pr\u00e9c\u00e9dente install\u00e9e.<\/p>\n<p>(dossier : &#8230;\/Programmes (x86)\/AutorennbahnplanerNG) avant d&rsquo;installer la nouvelle version.<\/p>\n<p><b> <\/b><\/p>\n\t\t\t\t\t\t\t\t<\/div>\n\t\t\t\t<\/div>\n\t\t\t\t\t<\/div>\n\t\t<\/div>\n\t\t\t\t<div class=\"elementor-column elementor-col-50 elementor-inner-column elementor-element elementor-element-a5b5dff\" data-id=\"a5b5dff\" data-element_type=\"column\">\n\t\t\t<div class=\"elementor-widget-wrap elementor-element-populated\">\n\t\t\t\t\t\t<div class=\"elementor-element elementor-element-98f3e20 elementor-widget elementor-widget-heading\" data-id=\"98f3e20\" data-element_type=\"widget\" data-widget_type=\"heading.default\">\n\t\t\t\t<div class=\"elementor-widget-container\">\n\t\t\t\t\t<h2 class=\"elementor-heading-title elementor-size-default\">Syst\u00e8mes Macintosh<\/h2>\t\t\t\t<\/div>\n\t\t\t\t<\/div>\n\t\t\t\t<div class=\"elementor-element elementor-element-690fb4d elementor-widget elementor-widget-text-editor\" data-id=\"690fb4d\" data-element_type=\"widget\" data-widget_type=\"text-editor.default\">\n\t\t\t\t<div class=\"elementor-widget-container\">\n\t\t\t\t\t\t\t\t\t<p>Planificateur de parcours Carrera version 2022.001.002 <br \/>(17.06.2022) 5,3MB<\/p>\n\t\t\t\t\t\t\t\t<\/div>\n\t\t\t\t<\/div>\n\t\t\t\t<div class=\"elementor-element elementor-element-cc52cf8 elementor-tablet-align-justify elementor-widget elementor-widget-button\" data-id=\"cc52cf8\" data-element_type=\"widget\" data-widget_type=\"button.default\">\n\t\t\t\t<div class=\"elementor-widget-container\">\n\t\t\t\t\t\t\t\t\t<div class=\"elementor-button-wrapper\">\n\t\t\t\t\t<a class=\"elementor-button elementor-button-link elementor-size-sm\" href=\"#\">\n\t\t\t\t\t\t<span class=\"elementor-button-content-wrapper\">\n\t\t\t\t\t\t\t\t\t<span class=\"elementor-button-text\">T\u00e9l\u00e9charger pour Macintosh<\/span>\n\t\t\t\t\t<\/span>\n\t\t\t\t\t<\/a>\n\t\t\t\t<\/div>\n\t\t\t\t\t\t\t\t<\/div>\n\t\t\t\t<\/div>\n\t\t\t\t<div class=\"elementor-element elementor-element-d21d0ae elementor-widget elementor-widget-heading\" data-id=\"d21d0ae\" data-element_type=\"widget\" data-widget_type=\"heading.default\">\n\t\t\t\t<div class=\"elementor-widget-container\">\n\t\t\t\t\t<h2 class=\"elementor-heading-title elementor-size-default\">Pour les utilisateurs de Macintosh<\/h2>\t\t\t\t<\/div>\n\t\t\t\t<\/div>\n\t\t\t\t<div class=\"elementor-element elementor-element-48c2072 elementor-hidden-tablet elementor-hidden-mobile elementor-widget elementor-widget-text-editor\" data-id=\"48c2072\" data-element_type=\"widget\" data-widget_type=\"text-editor.default\">\n\t\t\t\t<div class=\"elementor-widget-container\">\n\t\t\t\t\t\t\t\t\t<p>La version de d\u00e9monstration et la version compl\u00e8te du logiciel sont identiques. La version de d\u00e9monstration est limit\u00e9e \u00e0 20 pi\u00e8ces de rail et peut \u00eatre activ\u00e9e vers la version compl\u00e8te via une cl\u00e9 de licence au prix de 29,95 EUR.<\/p>\n<p><u><b>Pour tous les clients : <\/b><\/u><br \/><b>Veuillez d&rsquo;abord installer la derni\u00e8re version d&rsquo;Adobe\u00ae AIR\u2122, que vous pouvez <a href=\"https:\/\/airsdk.harman.com\/runtime\" target=\"_blank\" rel=\"noopener\">t\u00e9l\u00e9charger ici<\/a>.<\/b><\/p>\n<p><b>ATTENTION &#8211;<\/b> <u>Veillez<\/u> \u00e0 t\u00e9l\u00e9charger la <b>version AIR runtime including WebKit <\/b>et <b>NON<\/b> la version AIR runtime, car elle peut entra\u00eener des erreurs d&rsquo;affichage ! !!<\/p>\n<p><b>Pour les clients qui ont d\u00e9j\u00e0 install\u00e9 une version pr\u00e9c\u00e9dente :<\/b><br \/>Veuillez d&rsquo;abord supprimer la version pr\u00e9c\u00e9dente install\u00e9e.<\/p>\n<p>(dossier : &#8230;\/Programmes \/AutorennbahnplanerNG) avant d&rsquo;installer la nouvelle version.<\/p>\n<p><b>ATTENTION &#8211; Pour les utilisateurs d&rsquo;un MAC avec mat\u00e9riel M1\/ARM :<\/b><\/p>\n<p>Certaines applications AIR \u00e9chouent lorsqu&rsquo;elles sont ex\u00e9cut\u00e9es sur un appareil utilisant Apple Silicon (mat\u00e9riel M1 \/ ARM). Pour travailler autour de cela, veuillez faire un clic droit sur l&rsquo;ic\u00f4ne de l&rsquo;application dans le Finder, choisir \u00ab\u00a0Obtenir des informations\u00a0\u00bb, et dans la bo\u00eete de dialogue qui en r\u00e9sulte, cocher la case \u00ab\u00a0Ouvrir en utilisant Rosetta\u00a0\u00bb.<\/p>\n\t\t\t\t\t\t\t\t<\/div>\n\t\t\t\t<\/div>\n\t\t\t\t\t<\/div>\n\t\t<\/div>\n\t\t\t\t\t<\/div>\n\t\t<\/section>\n\t\t\t\t<section class=\"elementor-section elementor-inner-section elementor-element elementor-element-f0b36e3 elementor-section-boxed elementor-section-height-default elementor-section-height-default\" data-id=\"f0b36e3\" data-element_type=\"section\">\n\t\t\t\t\t\t<div class=\"elementor-container elementor-column-gap-default\">\n\t\t\t\t\t<div class=\"elementor-column elementor-col-33 elementor-inner-column elementor-element elementor-element-e648a06\" data-id=\"e648a06\" data-element_type=\"column\">\n\t\t\t<div class=\"elementor-widget-wrap elementor-element-populated\">\n\t\t\t\t\t\t<div class=\"elementor-element elementor-element-2d6b46e elementor-widget elementor-widget-heading\" data-id=\"2d6b46e\" data-element_type=\"widget\" data-widget_type=\"heading.default\">\n\t\t\t\t<div class=\"elementor-widget-container\">\n\t\t\t\t\t<h2 class=\"elementor-heading-title elementor-size-default\">Guide d'installation<\/h2>\t\t\t\t<\/div>\n\t\t\t\t<\/div>\n\t\t\t\t<div class=\"elementor-element elementor-element-70d5986 elementor-widget elementor-widget-text-editor\" data-id=\"70d5986\" data-element_type=\"widget\" data-widget_type=\"text-editor.default\">\n\t\t\t\t<div class=\"elementor-widget-container\">\n\t\t\t\t\t\t\t\t\t<p>comme PDF 236KB<\/p>\n\t\t\t\t\t\t\t\t<\/div>\n\t\t\t\t<\/div>\n\t\t\t\t<div class=\"elementor-element elementor-element-3eaf2fb elementor-tablet-align-justify elementor-widget elementor-widget-button\" data-id=\"3eaf2fb\" data-element_type=\"widget\" data-widget_type=\"button.default\">\n\t\t\t\t<div class=\"elementor-widget-container\">\n\t\t\t\t\t\t\t\t\t<div class=\"elementor-button-wrapper\">\n\t\t\t\t\t<a class=\"elementor-button elementor-button-link elementor-size-sm\" href=\"#\">\n\t\t\t\t\t\t<span class=\"elementor-button-content-wrapper\">\n\t\t\t\t\t\t\t\t\t<span class=\"elementor-button-text\">T\u00e9l\u00e9charger les instructions<\/span>\n\t\t\t\t\t<\/span>\n\t\t\t\t\t<\/a>\n\t\t\t\t<\/div>\n\t\t\t\t\t\t\t\t<\/div>\n\t\t\t\t<\/div>\n\t\t\t\t\t<\/div>\n\t\t<\/div>\n\t\t\t\t<div class=\"elementor-column elementor-col-33 elementor-inner-column elementor-element elementor-element-de3dc5c\" data-id=\"de3dc5c\" data-element_type=\"column\">\n\t\t\t<div class=\"elementor-widget-wrap elementor-element-populated\">\n\t\t\t\t\t\t<div class=\"elementor-element elementor-element-849a692 elementor-widget elementor-widget-heading\" data-id=\"849a692\" data-element_type=\"widget\" data-widget_type=\"heading.default\">\n\t\t\t\t<div class=\"elementor-widget-container\">\n\t\t\t\t\t<h2 class=\"elementor-heading-title elementor-size-default\">ADOBE\u00ae AIR\u2122<\/h2>\t\t\t\t<\/div>\n\t\t\t\t<\/div>\n\t\t\t\t<div class=\"elementor-element elementor-element-efa08dc elementor-widget elementor-widget-text-editor\" data-id=\"efa08dc\" data-element_type=\"widget\" data-widget_type=\"text-editor.default\">\n\t\t\t\t<div class=\"elementor-widget-container\">\n\t\t\t\t\t\t\t\t\t<p>Veuillez d&rsquo;abord installer la derni\u00e8re version d&rsquo;Adobe\u00ae AIR\u2122, que vous pouvez t\u00e9l\u00e9charger ici.<\/p>\n\t\t\t\t\t\t\t\t<\/div>\n\t\t\t\t<\/div>\n\t\t\t\t<div class=\"elementor-element elementor-element-6766ca2 elementor-tablet-align-justify elementor-widget elementor-widget-button\" data-id=\"6766ca2\" data-element_type=\"widget\" data-widget_type=\"button.default\">\n\t\t\t\t<div class=\"elementor-widget-container\">\n\t\t\t\t\t\t\t\t\t<div class=\"elementor-button-wrapper\">\n\t\t\t\t\t<a class=\"elementor-button elementor-button-link elementor-size-sm\" href=\"#\">\n\t\t\t\t\t\t<span class=\"elementor-button-content-wrapper\">\n\t\t\t\t\t\t\t\t\t<span class=\"elementor-button-text\">T\u00e9l\u00e9charger Adobe AIR<\/span>\n\t\t\t\t\t<\/span>\n\t\t\t\t\t<\/a>\n\t\t\t\t<\/div>\n\t\t\t\t\t\t\t\t<\/div>\n\t\t\t\t<\/div>\n\t\t\t\t\t<\/div>\n\t\t<\/div>\n\t\t\t\t<div class=\"elementor-column elementor-col-33 elementor-inner-column elementor-element elementor-element-add2427 elementor-hidden-tablet elementor-hidden-mobile\" data-id=\"add2427\" data-element_type=\"column\">\n\t\t\t<div class=\"elementor-widget-wrap\">\n\t\t\t\t\t\t\t<\/div>\n\t\t<\/div>\n\t\t\t\t\t<\/div>\n\t\t<\/section>\n\t\t\t\t\t<\/div>\n\t\t<\/div>\n\t\t\t\t\t<\/div>\n\t\t<\/section>\n\t\t\t\t<section class=\"elementor-section elementor-top-section elementor-element elementor-element-a4b728e elementor-section-boxed elementor-section-height-default elementor-section-height-default\" data-id=\"a4b728e\" data-element_type=\"section\" data-settings=\"{&quot;background_background&quot;:&quot;classic&quot;}\">\n\t\t\t\t\t\t<div class=\"elementor-container elementor-column-gap-default\">\n\t\t\t\t\t<div class=\"elementor-column elementor-col-100 elementor-top-column elementor-element elementor-element-e428a5e\" data-id=\"e428a5e\" data-element_type=\"column\">\n\t\t\t<div class=\"elementor-widget-wrap elementor-element-populated\">\n\t\t\t\t\t\t<div class=\"elementor-element elementor-element-801cc9b elementor-widget elementor-widget-heading\" data-id=\"801cc9b\" data-element_type=\"widget\" data-widget_type=\"heading.default\">\n\t\t\t\t<div class=\"elementor-widget-container\">\n\t\t\t\t\t<h2 class=\"elementor-heading-title elementor-size-default\">Historique des sorties<\/h2>\t\t\t\t<\/div>\n\t\t\t\t<\/div>\n\t\t\t\t\t<\/div>\n\t\t<\/div>\n\t\t\t\t\t<\/div>\n\t\t<\/section>\n\t\t\t\t<section class=\"elementor-section elementor-top-section elementor-element elementor-element-e5e5e97 elementor-section-boxed elementor-section-height-default elementor-section-height-default\" data-id=\"e5e5e97\" data-element_type=\"section\" data-settings=\"{&quot;background_background&quot;:&quot;classic&quot;}\">\n\t\t\t\t\t\t<div class=\"elementor-container elementor-column-gap-no\">\n\t\t\t\t\t<div class=\"elementor-column elementor-col-50 elementor-top-column elementor-element elementor-element-a0d60c0\" data-id=\"a0d60c0\" data-element_type=\"column\" data-settings=\"{&quot;background_background&quot;:&quot;classic&quot;}\">\n\t\t\t<div class=\"elementor-widget-wrap elementor-element-populated\">\n\t\t\t\t\t\t<div class=\"elementor-element elementor-element-f7d8d28 elementor-widget elementor-widget-heading\" data-id=\"f7d8d28\" data-element_type=\"widget\" data-widget_type=\"heading.default\">\n\t\t\t\t<div class=\"elementor-widget-container\">\n\t\t\t\t\t<h2 class=\"elementor-heading-title elementor-size-default\">Tu n'es pas encore s\u00fbr ? Alors essaie la <b>version de d\u00e9monstration gratuite<\/b> de l'<b>autorennbahnplaner<\/b>!<\/h2>\t\t\t\t<\/div>\n\t\t\t\t<\/div>\n\t\t\t\t<div class=\"elementor-element elementor-element-c1d8d36 elementor-tablet-align-justify elementor-widget elementor-widget-button\" data-id=\"c1d8d36\" data-element_type=\"widget\" data-widget_type=\"button.default\">\n\t\t\t\t<div class=\"elementor-widget-container\">\n\t\t\t\t\t\t\t\t\t<div class=\"elementor-button-wrapper\">\n\t\t\t\t\t<a class=\"elementor-button elementor-button-link elementor-size-sm\" href=\"#\">\n\t\t\t\t\t\t<span class=\"elementor-button-content-wrapper\">\n\t\t\t\t\t\t\t\t\t<span class=\"elementor-button-text\">Appuyer et d\u00e9coller !<\/span>\n\t\t\t\t\t<\/span>\n\t\t\t\t\t<\/a>\n\t\t\t\t<\/div>\n\t\t\t\t\t\t\t\t<\/div>\n\t\t\t\t<\/div>\n\t\t\t\t\t<\/div>\n\t\t<\/div>\n\t\t\t\t<div class=\"elementor-column elementor-col-50 elementor-top-column elementor-element elementor-element-59b9a2b\" data-id=\"59b9a2b\" data-element_type=\"column\">\n\t\t\t<div class=\"elementor-widget-wrap\">\n\t\t\t\t\t\t\t<\/div>\n\t\t<\/div>\n\t\t\t\t\t<\/div>\n\t\t<\/section>\n\t\t\t\t<\/div>\n\t\t","protected":false},"excerpt":{"rendered":"<p>T\u00e9l\u00e9charge le logiciel maintenant Syst\u00e8mes Windows Planificateur de parcours Carrera version 2022.001.002 (17.06.2022) 4,2MB T\u00e9l\u00e9charger pour Windows Syst\u00e8mes Windows La version de d\u00e9monstration et la version compl\u00e8te du logiciel sont identiques. La version de d\u00e9monstration est limit\u00e9e \u00e0 20 pi\u00e8ces de rail et peut \u00eatre activ\u00e9e vers la version compl\u00e8te via une cl\u00e9 de licence [&hellip;]<\/p>\n","protected":false},"author":1,"featured_media":0,"parent":0,"menu_order":0,"comment_status":"closed","ping_status":"closed","template":"elementor_header_footer","meta":{"footnotes":""},"class_list":["post-4059","page","type-page","status-publish","hentry"],"_links":{"self":[{"href":"https:\/\/autorennbahnplaner.de\/fr\/wp-json\/wp\/v2\/pages\/4059","targetHints":{"allow":["GET"]}}],"collection":[{"href":"https:\/\/autorennbahnplaner.de\/fr\/wp-json\/wp\/v2\/pages"}],"about":[{"href":"https:\/\/autorennbahnplaner.de\/fr\/wp-json\/wp\/v2\/types\/page"}],"author":[{"embeddable":true,"href":"https:\/\/autorennbahnplaner.de\/fr\/wp-json\/wp\/v2\/users\/1"}],"replies":[{"embeddable":true,"href":"https:\/\/autorennbahnplaner.de\/fr\/wp-json\/wp\/v2\/comments?post=4059"}],"version-history":[{"count":2,"href":"https:\/\/autorennbahnplaner.de\/fr\/wp-json\/wp\/v2\/pages\/4059\/revisions"}],"predecessor-version":[{"id":8451,"href":"https:\/\/autorennbahnplaner.de\/fr\/wp-json\/wp\/v2\/pages\/4059\/revisions\/8451"}],"wp:attachment":[{"href":"https:\/\/autorennbahnplaner.de\/fr\/wp-json\/wp\/v2\/media?parent=4059"}],"curies":[{"name":"wp","href":"https:\/\/api.w.org\/{rel}","templated":true}]}}