{"id":4052,"date":"2022-12-16T15:47:32","date_gmt":"2022-12-16T14:47:32","guid":{"rendered":"https:\/\/autorennbahnplaner.de\/conditions-generales-de-vente\/"},"modified":"2023-10-16T10:58:45","modified_gmt":"2023-10-16T08:58:45","slug":"conditions-generales-de-vente","status":"publish","type":"page","link":"https:\/\/autorennbahnplaner.de\/fr\/conditions-generales-de-vente\/","title":{"rendered":"CONDITIONS G\u00c9N\u00c9RALES DE VENTE"},"content":{"rendered":"\t\t<div data-elementor-type=\"wp-page\" data-elementor-id=\"4052\" class=\"elementor elementor-4052 elementor-23\" data-elementor-post-type=\"page\">\n\t\t\t\t\t\t<section class=\"elementor-section elementor-top-section elementor-element elementor-element-6ca26eb elementor-section-boxed elementor-section-height-default elementor-section-height-default\" data-id=\"6ca26eb\" data-element_type=\"section\" data-settings=\"{&quot;background_background&quot;:&quot;gradient&quot;}\">\n\t\t\t\t\t\t<div class=\"elementor-container elementor-column-gap-no\">\n\t\t\t\t\t<div class=\"elementor-column elementor-col-100 elementor-top-column elementor-element elementor-element-1b675d7\" data-id=\"1b675d7\" data-element_type=\"column\">\n\t\t\t<div class=\"elementor-widget-wrap elementor-element-populated\">\n\t\t\t\t\t\t<div class=\"elementor-element elementor-element-b84580f elementor-widget elementor-widget-text-editor\" data-id=\"b84580f\" data-element_type=\"widget\" data-widget_type=\"text-editor.default\">\n\t\t\t\t<div class=\"elementor-widget-container\">\n\t\t\t\t\t\t\t\t\t<h1>Conditions g\u00e9n\u00e9rales de vente  <\/h1>\n<h4>\u00a7 1 Domaine d&rsquo;application, informations aux clients<\/h4>\n<p>Les conditions g\u00e9n\u00e9rales de vente (CGV) suivantes r\u00e9gissent la relation contractuelle entre Mark Erik Prinz (www.autorennbahnplaner.de) et les consommateurs et entrepreneurs qui ach\u00e8tent des marchandises via notre boutique. Nous ne reconnaissons pas les conditions contraires ou diff\u00e9rentes de nos conditions de vente. La langue du contrat est l&rsquo;allemand.<\/p>\n\n<h4>\u00a7 2 Conclusion du contrat<\/h4>\n<p>(1) Les offres sur Internet constituent une offre ferme d&rsquo;achat de marchandises.<\/p>\n<p>(2) Vous pouvez ajouter un ou plusieurs produits au panier. Au cours du processus de commande, vous saisissez vos donn\u00e9es et vos souhaits concernant le mode de paiement, etc. Ce n&rsquo;est qu&rsquo;en cliquant sur le bouton de commande que vous acceptez cette offre de conclusion d&rsquo;un contrat de vente. Si vous n&rsquo;avez pas donn\u00e9 votre accord pour la validation imm\u00e9diate du t\u00e9l\u00e9chargement et la renonciation \u00e0 votre droit de r\u00e9tractation qui en d\u00e9coule, les produits ne seront activ\u00e9s qu&rsquo;apr\u00e8s l&rsquo;expiration du d\u00e9lai de r\u00e9tractation de 14 jours. Si vous avez donn\u00e9 votre accord, les produits seront mis \u00e0 disposition pour un t\u00e9l\u00e9chargement imm\u00e9diat apr\u00e8s la conclusion du contrat.<\/p>\n<h4>\u00a7 3 Pas de limite de temps<\/h4>\n<p>Une fois le produit achet\u00e9, il n&rsquo;y a pas de limite de temps pour le t\u00e9l\u00e9chargement. Apr\u00e8s l&rsquo;activation, vous pouvez \u00e0 tout moment acc\u00e9der au lien via votre login client et t\u00e9l\u00e9charger le produit.<\/p>\n<h4>\u00a7 4 Nombre de t\u00e9l\u00e9chargements<\/h4>\n<p>Le nombre de t\u00e9l\u00e9chargements n&rsquo;est pas limit\u00e9.<\/p>\n<h4>\u00a7 5 Protection contre la copie<\/h4>\n<p>Les produits \u00e0 t\u00e9l\u00e9charger sont prot\u00e9g\u00e9s contre la copie. Une protection contre la copie ne peut en principe pas non plus \u00eatre contourn\u00e9e pour r\u00e9aliser des copies priv\u00e9es sur d&rsquo;autres supports. Il existe une exception \u00e0 la protection contre la copie pour les programmes informatiques. La cr\u00e9ation d&rsquo;une copie de sauvegarde est autoris\u00e9e si elle est n\u00e9cessaire pour assurer une utilisation future. Nombre de copies autoris\u00e9es : une fois Logiciel.<\/p>\n<h4>\u00a7 6 Information du client : enregistrement du texte du contrat<\/h4>\n<p>Votre commande avec les d\u00e9tails du contrat conclu (par exemple le type de produit, le prix, etc.) est enregistr\u00e9e par nos soins. Vous n&rsquo;avez toutefois pas acc\u00e8s \u00e0 vos commandes pass\u00e9es via Internet. Nous vous envoyons les CGV, mais vous pouvez aussi les consulter \u00e0 tout moment sur notre site web. Si vous souhaitez sauvegarder la description du produit sur notre site marchand \u00e0 des fins personnelles, vous pouvez par exemple faire une capture d&rsquo;\u00e9cran (= photographie d&rsquo;\u00e9cran) au moment de la commande ou, \u00e0 d\u00e9faut, imprimer la page enti\u00e8re.<\/p>\n<h4>\u00a7 7 Information du client : note de correction<\/h4>\n<p>Vous pouvez corriger vos saisies \u00e0 tout moment avant de passer votre commande en appuyant sur la touche d&rsquo;effacement. Nous vous informons des autres possibilit\u00e9s de correction au cours du processus de commande. Vous pouvez \u00e9galement mettre fin \u00e0 tout moment au processus de commande en fermant compl\u00e8tement la fen\u00eatre du navigateur.<\/p>\n<h4>\u00a7 8 Droits l\u00e9gaux en mati\u00e8re de responsabilit\u00e9 pour les d\u00e9fauts<\/h4>\n<p>Nos marchandises sont soumises \u00e0 la garantie l\u00e9gale des vices cach\u00e9s.<\/p>\n<h4>\u00a7 9 Limitation de responsabilit\u00e9<\/h4>\n<p>Nous excluons toute responsabilit\u00e9 pour les violations d&rsquo;obligations par n\u00e9gligence l\u00e9g\u00e8re, dans la mesure o\u00f9 celles-ci ne concernent pas des obligations contractuelles essentielles, des dommages r\u00e9sultant d&rsquo;une atteinte \u00e0 la vie, \u00e0 l&rsquo;int\u00e9grit\u00e9 physique ou \u00e0 la sant\u00e9, ou des garanties. Il en va de m\u00eame pour les manquements aux obligations de nos auxiliaires d&rsquo;ex\u00e9cution et de nos repr\u00e9sentants l\u00e9gaux. Les obligations essentielles du contrat comprennent notamment l&rsquo;obligation de mettre \u00e0 votre disposition la marchandise sans d\u00e9faut<\/p>\t\t\t\t\t\t\t\t<\/div>\n\t\t\t\t<\/div>\n\t\t\t\t\t<\/div>\n\t\t<\/div>\n\t\t\t\t\t<\/div>\n\t\t<\/section>\n\t\t\t\t<\/div>\n\t\t","protected":false},"excerpt":{"rendered":"<p>Conditions g\u00e9n\u00e9rales de vente \u00a7 1 Domaine d&rsquo;application, informations aux clients Les conditions g\u00e9n\u00e9rales de vente (CGV) suivantes r\u00e9gissent la relation contractuelle entre Mark Erik Prinz (www.autorennbahnplaner.de) et les consommateurs et entrepreneurs qui ach\u00e8tent des marchandises via notre boutique. Nous ne reconnaissons pas les conditions contraires ou diff\u00e9rentes de nos conditions de vente. La langue [&hellip;]<\/p>\n","protected":false},"author":1,"featured_media":0,"parent":0,"menu_order":0,"comment_status":"closed","ping_status":"closed","template":"","meta":{"footnotes":""},"class_list":["post-4052","page","type-page","status-publish","hentry"],"_links":{"self":[{"href":"https:\/\/autorennbahnplaner.de\/fr\/wp-json\/wp\/v2\/pages\/4052","targetHints":{"allow":["GET"]}}],"collection":[{"href":"https:\/\/autorennbahnplaner.de\/fr\/wp-json\/wp\/v2\/pages"}],"about":[{"href":"https:\/\/autorennbahnplaner.de\/fr\/wp-json\/wp\/v2\/types\/page"}],"author":[{"embeddable":true,"href":"https:\/\/autorennbahnplaner.de\/fr\/wp-json\/wp\/v2\/users\/1"}],"replies":[{"embeddable":true,"href":"https:\/\/autorennbahnplaner.de\/fr\/wp-json\/wp\/v2\/comments?post=4052"}],"version-history":[{"count":5,"href":"https:\/\/autorennbahnplaner.de\/fr\/wp-json\/wp\/v2\/pages\/4052\/revisions"}],"predecessor-version":[{"id":4534,"href":"https:\/\/autorennbahnplaner.de\/fr\/wp-json\/wp\/v2\/pages\/4052\/revisions\/4534"}],"wp:attachment":[{"href":"https:\/\/autorennbahnplaner.de\/fr\/wp-json\/wp\/v2\/media?parent=4052"}],"curies":[{"name":"wp","href":"https:\/\/api.w.org\/{rel}","templated":true}]}}