{"id":4422,"date":"2022-12-16T15:47:32","date_gmt":"2022-12-16T14:47:32","guid":{"rendered":"https:\/\/autorennbahnplaner.de\/pie-de-imprenta\/"},"modified":"2023-09-06T17:29:03","modified_gmt":"2023-09-06T15:29:03","slug":"pie-de-imprenta","status":"publish","type":"page","link":"https:\/\/autorennbahnplaner.de\/es\/pie-de-imprenta\/","title":{"rendered":"Pie de imprenta"},"content":{"rendered":"\t\t<div data-elementor-type=\"wp-page\" data-elementor-id=\"4422\" class=\"elementor elementor-4422 elementor-21\" data-elementor-post-type=\"page\">\n\t\t\t\t\t\t<section class=\"elementor-section elementor-top-section elementor-element elementor-element-536ef2d9 elementor-section-boxed elementor-section-height-default elementor-section-height-default\" data-id=\"536ef2d9\" data-element_type=\"section\">\n\t\t\t\t\t\t<div class=\"elementor-container elementor-column-gap-default\">\n\t\t\t\t\t<div class=\"elementor-column elementor-col-100 elementor-top-column elementor-element elementor-element-507b25a6\" data-id=\"507b25a6\" data-element_type=\"column\">\n\t\t\t<div class=\"elementor-widget-wrap elementor-element-populated\">\n\t\t\t\t\t\t<div class=\"elementor-element elementor-element-7224e60f elementor-widget elementor-widget-shortcode\" data-id=\"7224e60f\" data-element_type=\"widget\" data-widget_type=\"shortcode.default\">\n\t\t\t\t<div class=\"elementor-widget-container\">\n\t\t\t\t\t\t\t<div class=\"elementor-shortcode\">\n<div class=\"woocommerce woocommerce-gzd woocommerce-gzd-complaints-shortcode\">\n\t\t\t<h3>Alternative Dispute Resolution in accordance with Art. 14 (1) ODR-VO and \u00a7 36 VSBG:<\/h3>\n\t\nLa Comisi\u00f3n Europea ofrece una plataforma para la resoluci\u00f3n de litigios en l\u00ednea (ODR), que puede encontrar en https:\/\/ec.europa.eu\/consumers\/odr. No estamos obligados ni dispuestos a participar en un procedimiento de resoluci\u00f3n de litigios ante una junta arbitral de consumo.<\/div><\/div>\n\t\t\t\t\t\t<\/div>\n\t\t\t\t<\/div>\n\t\t\t\t\t<\/div>\n\t\t<\/div>\n\t\t\t\t\t<\/div>\n\t\t<\/section>\n\t\t\t\t<section class=\"elementor-section elementor-top-section elementor-element elementor-element-1b8fbe9 elementor-section-boxed elementor-section-height-default elementor-section-height-default\" data-id=\"1b8fbe9\" data-element_type=\"section\" data-settings=\"{&quot;background_background&quot;:&quot;gradient&quot;}\">\n\t\t\t\t\t\t<div class=\"elementor-container elementor-column-gap-no\">\n\t\t\t\t\t<div class=\"elementor-column elementor-col-100 elementor-top-column elementor-element elementor-element-c988208\" data-id=\"c988208\" data-element_type=\"column\">\n\t\t\t<div class=\"elementor-widget-wrap elementor-element-populated\">\n\t\t\t\t\t\t<div class=\"elementor-element elementor-element-f31ecdc elementor-widget elementor-widget-text-editor\" data-id=\"f31ecdc\" data-element_type=\"widget\" data-widget_type=\"text-editor.default\">\n\t\t\t\t<div class=\"elementor-widget-container\">\n\t\t\t\t\t\t\t\t\t<h2>Pie de imprenta<\/h2>\n<h3>Informaci\u00f3n seg\u00fan \u00a7 5 TMG<\/h3>\n<p>Mark Erik Prince<br \/>Hermann-L\u00f6ns-Str. 6c<br \/>63322 R\u00f6dermark<br \/>Tel\u00e9fono: +49 1707640655<br \/>Correo electr\u00f3nico: info[at]autorennbahnplaner.de<br \/>Internet: https:\/\/www.autorennbahnplaner.de<\/p>\n<h3>Editorialmente responsable<\/h3>\n<p>Mark Erik Prince<br \/>Hermann-L\u00f6ns-Str. 6c<br \/>63322 R\u00f6dermark<\/p>\n<h3>CIF<\/h3>\n<p>N\u00famero de identificaci\u00f3n fiscal seg\u00fan \u00a727a Umsatzsteuergesetz (UStG): DE274644155<\/p>\n<h3>Datos del seguro de responsabilidad profesional<\/h3>\n<p><strong>Nombre y domicilio social del asegurador:<\/strong><br \/>Basler Versicherungen, Basler Str. 4, 61345 Bad Homburg, Alemania<\/p>\n<p><b>\u00c1mbito territorial:<\/b> en todo el territorio de la UE y los Estados del Acuerdo sobre el Espacio Econ\u00f3mico Europeo.<\/p>\n<h3>Resoluci\u00f3n de litigios en la UE<\/h3>\n<p>La Comisi\u00f3n Europea ofrece una plataforma para la resoluci\u00f3n de litigios en l\u00ednea <a href=\"https:\/\/ec.europa.eu\/consumers\/odr\/\" target=\"_blank\" rel=\"noopener noreferrer\">(<\/a>ODR): <a href=\"https:\/\/ec.europa.eu\/consumers\/odr\/\" target=\"_blank\" rel=\"noopener noreferrer\">https:\/\/ec.europa.eu\/consumers\/odr\/.<\/a><br \/>Encontrar\u00e1 nuestra direcci\u00f3n de correo electr\u00f3nico en el pie de imprenta.<\/p>\n<h3>Resoluci\u00f3n de litigios en materia de consumo\/Junta Arbitral Universal<\/h3>\n<p>No estamos dispuestos ni obligados a participar en procedimientos de resoluci\u00f3n de litigios ante una junta arbitral de consumo.<\/p>\n<h3>Dise\u00f1o\/ejecuci\u00f3n t\u00e9cnica<\/h3>\n<p><a href=\"https:\/\/www.topinx.de\/\" target=\"_blank\" rel=\"noopener\">Topinx<\/a> &#8211; Sus <a href=\"https:\/\/www.topinx.de\/seo-news\/seo-experte\" target=\"_blank\" rel=\"noopener\">expertos en SEO de<\/a> Hannover<\/p>\n\t\t\t\t\t\t\t\t<\/div>\n\t\t\t\t<\/div>\n\t\t\t\t\t<\/div>\n\t\t<\/div>\n\t\t\t\t\t<\/div>\n\t\t<\/section>\n\t\t\t\t<\/div>\n\t\t","protected":false},"excerpt":{"rendered":"<p>Pie de imprenta Informaci\u00f3n seg\u00fan \u00a7 5 TMG Mark Erik PrinceHermann-L\u00f6ns-Str. 6c63322 R\u00f6dermarkTel\u00e9fono: +49 1707640655Correo electr\u00f3nico: info[at]autorennbahnplaner.deInternet: https:\/\/www.autorennbahnplaner.de Editorialmente responsable Mark Erik PrinceHermann-L\u00f6ns-Str. 6c63322 R\u00f6dermark CIF N\u00famero de identificaci\u00f3n fiscal seg\u00fan \u00a727a Umsatzsteuergesetz (UStG): DE274644155 Datos del seguro de responsabilidad profesional Nombre y domicilio social del asegurador:Basler Versicherungen, Basler Str. 4, 61345 Bad Homburg, Alemania [&hellip;]<\/p>\n","protected":false},"author":1,"featured_media":0,"parent":0,"menu_order":0,"comment_status":"closed","ping_status":"closed","template":"","meta":{"footnotes":""},"class_list":["post-4422","page","type-page","status-publish","hentry"],"_links":{"self":[{"href":"https:\/\/autorennbahnplaner.de\/es\/wp-json\/wp\/v2\/pages\/4422","targetHints":{"allow":["GET"]}}],"collection":[{"href":"https:\/\/autorennbahnplaner.de\/es\/wp-json\/wp\/v2\/pages"}],"about":[{"href":"https:\/\/autorennbahnplaner.de\/es\/wp-json\/wp\/v2\/types\/page"}],"author":[{"embeddable":true,"href":"https:\/\/autorennbahnplaner.de\/es\/wp-json\/wp\/v2\/users\/1"}],"replies":[{"embeddable":true,"href":"https:\/\/autorennbahnplaner.de\/es\/wp-json\/wp\/v2\/comments?post=4422"}],"version-history":[{"count":4,"href":"https:\/\/autorennbahnplaner.de\/es\/wp-json\/wp\/v2\/pages\/4422\/revisions"}],"predecessor-version":[{"id":4505,"href":"https:\/\/autorennbahnplaner.de\/es\/wp-json\/wp\/v2\/pages\/4422\/revisions\/4505"}],"wp:attachment":[{"href":"https:\/\/autorennbahnplaner.de\/es\/wp-json\/wp\/v2\/media?parent=4422"}],"curies":[{"name":"wp","href":"https:\/\/api.w.org\/{rel}","templated":true}]}}