{"id":4067,"date":"2022-12-16T15:47:32","date_gmt":"2022-12-16T14:47:32","guid":{"rendered":"https:\/\/autorennbahnplaner.de\/datenschutzerklaerung\/"},"modified":"2023-08-03T15:31:01","modified_gmt":"2023-08-03T13:31:01","slug":"datenschutzerklaerung","status":"publish","type":"page","link":"https:\/\/autorennbahnplaner.de\/es\/datenschutzerklaerung\/","title":{"rendered":"Datenschutzerkl\u00e4rung"},"content":{"rendered":"\t\t<div data-elementor-type=\"wp-page\" data-elementor-id=\"4067\" class=\"elementor elementor-4067 elementor-20\" data-elementor-post-type=\"page\">\n\t\t\t\t\t\t<section class=\"elementor-section elementor-top-section elementor-element elementor-element-b85454f elementor-section-boxed elementor-section-height-default elementor-section-height-default\" data-id=\"b85454f\" data-element_type=\"section\" data-settings=\"{&quot;background_background&quot;:&quot;gradient&quot;}\">\n\t\t\t\t\t\t<div class=\"elementor-container elementor-column-gap-no\">\n\t\t\t\t\t<div class=\"elementor-column elementor-col-100 elementor-top-column elementor-element elementor-element-87fac2b\" data-id=\"87fac2b\" data-element_type=\"column\">\n\t\t\t<div class=\"elementor-widget-wrap elementor-element-populated\">\n\t\t\t\t\t\t<div class=\"elementor-element elementor-element-4ff8b2a elementor-widget elementor-widget-text-editor\" data-id=\"4ff8b2a\" data-element_type=\"widget\" data-widget_type=\"text-editor.default\">\n\t\t\t\t<div class=\"elementor-widget-container\">\n\t\t\t\t\t\t\t\t\t<p>Privacidad y protecci\u00f3n de datos<\/p>\n<p>\u00a7 1 Generalidades<\/p>\n<p>Sus datos personales (por ejemplo, t\u00edtulo, nombre, direcci\u00f3n, direcci\u00f3n de correo electr\u00f3nico, n\u00famero de tel\u00e9fono, datos bancarios, n\u00famero de tarjeta de cr\u00e9dito) s\u00f3lo ser\u00e1n procesados por nosotros de conformidad con las disposiciones de la ley alemana de protecci\u00f3n de datos y la ley de protecci\u00f3n de datos de la Uni\u00f3n Europea (UE). Adem\u00e1s de los fines del tratamiento, los destinatarios, las bases jur\u00eddicas y los plazos de conservaci\u00f3n, la siguiente normativa tambi\u00e9n le informa sobre sus derechos y el responsable del tratamiento de sus datos. Esta pol\u00edtica de privacidad s\u00f3lo se aplica a nuestros sitios web. Si se le redirige a otros sitios a trav\u00e9s de enlaces en nuestras p\u00e1ginas, inf\u00f3rmese all\u00ed sobre el tratamiento respectivo de sus datos.<\/p>\n<p>\u00a7 2 Tratamiento de datos para la ejecuci\u00f3n del contrato<\/p>\n<p>(1) Finalidad del tratamiento<\/p>\n<p>Sus datos personales, que nos facilita en el proceso de pedido, son necesarios para la celebraci\u00f3n de un contrato con nosotros. No est\u00e1 obligado a facilitar sus datos personales. Sin embargo, para algunos m\u00e9todos de pago, necesitamos los datos de pago necesarios, por ejemplo, para transmitirlos a un proveedor de servicios de pago encargado por nosotros. Por lo tanto, el tratamiento de sus datos introducidos en el proceso de pedido se lleva a cabo con el fin de cumplir el contrato.<\/p>\n<p>Si nos env\u00eda una consulta por correo electr\u00f3nico, a trav\u00e9s de un formulario de contacto, etc. antes de celebrar un contrato, procesamos los datos recibidos de esta forma para llevar a cabo medidas precontractuales y, por ejemplo, responder a sus preguntas sobre nuestros productos.<\/p>\n<p>En caso de abrir una cuenta de cliente, sus datos (en particular, nombre, direcci\u00f3n, m\u00e9todo de pago, correo electr\u00f3nico y contrase\u00f1a) se procesar\u00e1n para el registro y la creaci\u00f3n de un inicio de sesi\u00f3n de cliente. Con los datos almacenados, podr\u00e1 comprar con nosotros m\u00e1s r\u00e1pidamente y consultar sus pedidos en cualquier momento. Puede eliminar la cuenta envi\u00e1ndonos un mensaje o utilizando la funci\u00f3n de eliminaci\u00f3n.<\/p>\n<p>(2) Base jur\u00eddica<\/p>\n<p>La base jur\u00eddica de este tratamiento es el art\u00edculo 6 del Tratado CE. Apartado 1b) DSGVO.<\/p>\n<p>(3) Categor\u00edas de beneficiarios<\/p>\n<p>Proveedor de servicios de pago, proveedor de alojamiento<\/p>\n<p>(4) Periodo de almacenamiento<\/p>\n<p>Almacenamos los datos necesarios para la tramitaci\u00f3n del contrato hasta la expiraci\u00f3n de los periodos de garant\u00eda legal y, en su caso, contractual.<\/p>\n<p>Conservamos los datos exigidos por la legislaci\u00f3n mercantil y fiscal durante los periodos especificados por la ley, regularmente diez a\u00f1os (cf. \u00a7257 HGB, \u00a7147 AO).<\/p>\n<p>Los datos tratados para llevar a cabo medidas precontractuales se suprimir\u00e1n tan pronto como las medidas se hayan llevado a cabo y no haya conclusi\u00f3n reconocible de un contrato.<\/p>\n<p>\u00a7 3 Comentarios<\/p>\n<p>(1) Finalidad del tratamiento<\/p>\n<p>Existe la posibilidad de escribir un comentario. Sus datos (por ejemplo, nombre\/pseud\u00f3nimo, direcci\u00f3n de correo electr\u00f3nico, sitio web) s\u00f3lo se procesar\u00e1n con el fin de publicar su comentario.<\/p>\n<p>(2) Base jur\u00eddica<\/p>\n<p>La base jur\u00eddica de este tratamiento es el art\u00edculo 6, apartado 1, del Tratado CE. 1 f) GDPR.<\/p>\n<p>(3) Inter\u00e9s leg\u00edtimo<\/p>\n<p>Nuestro inter\u00e9s leg\u00edtimo es el intercambio p\u00fablico de opiniones de los usuarios sobre temas y productos espec\u00edficos. La publicaci\u00f3n tiene, entre otros, fines de transparencia y formaci\u00f3n de opini\u00f3n. Se preserva su inter\u00e9s en la protecci\u00f3n de datos, ya que puede publicar su comentario bajo seud\u00f3nimo.<\/p>\n<p>(4) Periodo de almacenamiento<\/p>\n<p>No se prev\u00e9 un periodo de almacenamiento espec\u00edfico. Puede solicitar la eliminaci\u00f3n de su comentario en cualquier momento.<\/p>\n<p>(5) DERECHO DE OPOSICI\u00d3N<\/p>\n<p>Tiene derecho a oponerse al tratamiento de datos realizado sobre la base del art\u00edculo 6 del Tratado CE. Abs. 1 f) DSGVO se lleva a cabo y no sirve publicidad directa por razones derivadas de su situaci\u00f3n particular.<\/p>\n<p>Sin embargo, en el caso de la publicidad directa, puede oponerse al tratamiento en cualquier momento sin indicar los motivos.<\/p>\n<p>\u00a7 4 Sus derechos como interesado<\/p>\n<p>Si se procesan sus datos personales, usted es un interesado en el sentido del GDPR y tiene los siguientes derechos frente a nosotros como responsables del tratamiento:<\/p>\n<p>1. derecho a la informaci\u00f3n<\/p>\n<p>Puede solicitar informaci\u00f3n sobre sus datos personales procesados por nosotros en el \u00e1mbito del art. 15 DSGVO.<\/p>\n<p>2. derecho de rectificaci\u00f3n<\/p>\n<p>Si la informaci\u00f3n que le concierne no es (o ha dejado de ser) correcta, puede solicitar una rectificaci\u00f3n de conformidad con el art\u00edculo 16 de la DSGVO. Si sus datos est\u00e1n incompletos, puede solicitar que se completen.<\/p>\n<p>3. derecho de supresi\u00f3n<\/p>\n<p>Puede solicitar la supresi\u00f3n de sus datos personales en las condiciones del art. 17 DSGVO.<\/p>\n<p>4. derecho a la limitaci\u00f3n del tratamiento<\/p>\n<p>En el marco de los requisitos del art\u00edculo 18 de la DSGVO, tiene derecho a exigir la limitaci\u00f3n del tratamiento de los datos que le conciernen.<\/p>\n<p>5. derecho a la portabilidad de los datos<\/p>\n<p>De conformidad con el art\u00edculo 20 de la DSGVO, tiene derecho a recibir los datos personales que le conciernen que nos haya facilitado en un formato estructurado, com\u00fan y legible por m\u00e1quina o a solicitar que se transfieran a otro responsable del tratamiento.<\/p>\n<p>6. derecho a revocar la declaraci\u00f3n de consentimiento en virtud de la ley de protecci\u00f3n de datos<\/p>\n<p>Seg\u00fan el art. 7 p\u00e1rr. 3 DSGVO el derecho a revocar en cualquier momento su declaraci\u00f3n de consentimiento en virtud de la ley de protecci\u00f3n de datos. La legalidad del tratamiento efectuado sobre la base del consentimiento hasta su revocaci\u00f3n no se ver\u00e1 afectada por ello.<\/p>\n<p>7. derecho a reclamar ante una autoridad de control<\/p>\n<p>Si considera que el tratamiento de los datos personales que le conciernen infringe el RGPD, tiene derecho a presentar una reclamaci\u00f3n ante una autoridad de control (en particular en el Estado miembro de su lugar de residencia, lugar de trabajo o lugar de la presunta infracci\u00f3n) de conformidad con el art\u00edculo 77 del RGPD.<\/p>\n<p>Asimismo, le informamos de su derecho de oposici\u00f3n de conformidad con el art\u00edculo 21 de la DSGVO:<\/p>\n<p>a) General: se requiere una objeci\u00f3n motivada<\/p>\n<p>Si el tratamiento de los datos personales que le conciernen se lleva a cabo<\/p>\n<p>&#8211; para proteger nuestro inter\u00e9s leg\u00edtimo preponderante (base jur\u00eddica seg\u00fan el art. 6, apdo. 1 f) DSGVO) o<\/p>\n<p>&#8211; en inter\u00e9s p\u00fablico (base jur\u00eddica seg\u00fan el art. 6 p\u00e1rr. 1 e) DSGVO),<\/p>\n<p>tiene derecho a oponerse al tratamiento en cualquier momento por motivos relacionados con su situaci\u00f3n particular; esto tambi\u00e9n se aplica a la elaboraci\u00f3n de perfiles basada en las disposiciones del RGPD.<\/p>\n<p>En caso de oposici\u00f3n, dejaremos de tratar los datos personales que le conciernen, a menos que podamos demostrar motivos leg\u00edtimos imperiosos para el tratamiento que prevalezcan sobre sus intereses, derechos y libertades, o que el tratamiento sirva para hacer valer, ejercer o defender reclamaciones legales.<\/p>\n<p>b) Caso especial de la publicidad directa: basta con la simple objeci\u00f3n<\/p>\n<p>Si los datos personales que le conciernen se tratan con fines de mercadotecnia directa, tiene derecho a oponerse a dicho tratamiento en cualquier momento y sin indicar los motivos; esto tambi\u00e9n se aplica a la elaboraci\u00f3n de perfiles en la medida en que est\u00e9 relacionada con dicha mercadotecnia directa.<\/p>\n<p>Si se opone al tratamiento con fines de venta directa, los datos personales que le conciernen dejar\u00e1n de tratarse con estos fines.<\/p>\n<p>Persona responsable del tratamiento de datos:<br \/>Mark Erik Prince<br \/>Hermann-L\u00f6ns-Str. 6c<br \/>63322 R\u00f6dermark<br \/>Tel\u00e9fono: +49 1707640655<br \/>info@autorennbahnplaner.de<\/p>\n<p>8. galleta borlabs<\/p>\n<p>Este sitio web utiliza la cookie Borlabs, que establece una cookie t\u00e9cnicamente necesaria (borlabs-cookie) para almacenar sus consentimientos de cookies.<\/p>\n<p>Borlabs Cookie no procesa ning\u00fan dato personal.<\/p>\n<p>La cookie borlabs-cookie almacena el consentimiento que dio al entrar en el sitio web. Si desea revocar estos consentimientos, simplemente borre la cookie en su navegador. Cuando vuelva a entrar\/recargar el sitio web, se le pedir\u00e1 de nuevo su consentimiento para el uso de cookies.<\/p>\n\t\t\t\t\t\t\t\t<\/div>\n\t\t\t\t<\/div>\n\t\t\t\t\t<\/div>\n\t\t<\/div>\n\t\t\t\t\t<\/div>\n\t\t<\/section>\n\t\t\t\t<\/div>\n\t\t","protected":false},"excerpt":{"rendered":"<p>Privacidad y protecci\u00f3n de datos \u00a7 1 Generalidades Sus datos personales (por ejemplo, t\u00edtulo, nombre, direcci\u00f3n, direcci\u00f3n de correo electr\u00f3nico, n\u00famero de tel\u00e9fono, datos bancarios, n\u00famero de tarjeta de cr\u00e9dito) s\u00f3lo ser\u00e1n procesados por nosotros de conformidad con las disposiciones de la ley alemana de protecci\u00f3n de datos y la ley de protecci\u00f3n de datos [&hellip;]<\/p>\n","protected":false},"author":1,"featured_media":0,"parent":0,"menu_order":0,"comment_status":"closed","ping_status":"closed","template":"","meta":{"footnotes":""},"class_list":["post-4067","page","type-page","status-publish","hentry"],"_links":{"self":[{"href":"https:\/\/autorennbahnplaner.de\/es\/wp-json\/wp\/v2\/pages\/4067","targetHints":{"allow":["GET"]}}],"collection":[{"href":"https:\/\/autorennbahnplaner.de\/es\/wp-json\/wp\/v2\/pages"}],"about":[{"href":"https:\/\/autorennbahnplaner.de\/es\/wp-json\/wp\/v2\/types\/page"}],"author":[{"embeddable":true,"href":"https:\/\/autorennbahnplaner.de\/es\/wp-json\/wp\/v2\/users\/1"}],"replies":[{"embeddable":true,"href":"https:\/\/autorennbahnplaner.de\/es\/wp-json\/wp\/v2\/comments?post=4067"}],"version-history":[{"count":5,"href":"https:\/\/autorennbahnplaner.de\/es\/wp-json\/wp\/v2\/pages\/4067\/revisions"}],"predecessor-version":[{"id":4552,"href":"https:\/\/autorennbahnplaner.de\/es\/wp-json\/wp\/v2\/pages\/4067\/revisions\/4552"}],"wp:attachment":[{"href":"https:\/\/autorennbahnplaner.de\/es\/wp-json\/wp\/v2\/media?parent=4067"}],"curies":[{"name":"wp","href":"https:\/\/api.w.org\/{rel}","templated":true}]}}