{"id":4063,"date":"2022-12-31T19:01:12","date_gmt":"2022-12-31T18:01:12","guid":{"rendered":"https:\/\/autorennbahnplaner.de\/descargas\/"},"modified":"2025-05-27T11:05:02","modified_gmt":"2025-05-27T09:05:02","slug":"descargas","status":"publish","type":"page","link":"https:\/\/autorennbahnplaner.de\/es\/descargas\/","title":{"rendered":"Descargas"},"content":{"rendered":"\t\t<div data-elementor-type=\"wp-page\" data-elementor-id=\"4063\" class=\"elementor elementor-4063 elementor-553\" data-elementor-post-type=\"page\">\n\t\t\t\t\t\t<section class=\"elementor-section elementor-top-section elementor-element elementor-element-5a27ebb elementor-section-boxed elementor-section-height-default elementor-section-height-default\" data-id=\"5a27ebb\" data-element_type=\"section\" data-settings=\"{&quot;background_background&quot;:&quot;gradient&quot;}\">\n\t\t\t\t\t\t<div class=\"elementor-container elementor-column-gap-no\">\n\t\t\t\t\t<div class=\"elementor-column elementor-col-100 elementor-top-column elementor-element elementor-element-73e1cc6\" data-id=\"73e1cc6\" data-element_type=\"column\">\n\t\t\t<div class=\"elementor-widget-wrap elementor-element-populated\">\n\t\t\t\t\t\t<div class=\"elementor-element elementor-element-a85b4fa elementor-widget elementor-widget-heading\" data-id=\"a85b4fa\" data-element_type=\"widget\" data-widget_type=\"heading.default\">\n\t\t\t\t<div class=\"elementor-widget-container\">\n\t\t\t\t\t<h2 class=\"elementor-heading-title elementor-size-default\"><b>Descargar<\/b> el software ahora<\/h2>\t\t\t\t<\/div>\n\t\t\t\t<\/div>\n\t\t\t\t<section class=\"elementor-section elementor-inner-section elementor-element elementor-element-6530005 elementor-section-boxed elementor-section-height-default elementor-section-height-default\" data-id=\"6530005\" data-element_type=\"section\">\n\t\t\t\t\t\t<div class=\"elementor-container elementor-column-gap-no\">\n\t\t\t\t\t<div class=\"elementor-column elementor-col-50 elementor-inner-column elementor-element elementor-element-152ca69\" data-id=\"152ca69\" data-element_type=\"column\">\n\t\t\t<div class=\"elementor-widget-wrap elementor-element-populated\">\n\t\t\t\t\t\t<div class=\"elementor-element elementor-element-14cbbed elementor-widget elementor-widget-heading\" data-id=\"14cbbed\" data-element_type=\"widget\" data-widget_type=\"heading.default\">\n\t\t\t\t<div class=\"elementor-widget-container\">\n\t\t\t\t\t<h2 class=\"elementor-heading-title elementor-size-default\">Sistemas Windows<\/h2>\t\t\t\t<\/div>\n\t\t\t\t<\/div>\n\t\t\t\t<div class=\"elementor-element elementor-element-95bc973 elementor-widget elementor-widget-text-editor\" data-id=\"95bc973\" data-element_type=\"widget\" data-widget_type=\"text-editor.default\">\n\t\t\t\t<div class=\"elementor-widget-container\">\n\t\t\t\t\t\t\t\t\t<p>Carrera track planner versi\u00f3n 2022.001.002 <br \/>(17.06.2022) 4,2MB<\/p>\n\t\t\t\t\t\t\t\t<\/div>\n\t\t\t\t<\/div>\n\t\t\t\t<div class=\"elementor-element elementor-element-fb690b7 elementor-tablet-align-justify elementor-widget elementor-widget-button\" data-id=\"fb690b7\" data-element_type=\"widget\" data-widget_type=\"button.default\">\n\t\t\t\t<div class=\"elementor-widget-container\">\n\t\t\t\t\t\t\t\t\t<div class=\"elementor-button-wrapper\">\n\t\t\t\t\t<a class=\"elementor-button elementor-button-link elementor-size-sm\" href=\"#\">\n\t\t\t\t\t\t<span class=\"elementor-button-content-wrapper\">\n\t\t\t\t\t\t\t\t\t<span class=\"elementor-button-text\">Descargar para Windows<\/span>\n\t\t\t\t\t<\/span>\n\t\t\t\t\t<\/a>\n\t\t\t\t<\/div>\n\t\t\t\t\t\t\t\t<\/div>\n\t\t\t\t<\/div>\n\t\t\t\t<div class=\"elementor-element elementor-element-12c247b elementor-widget elementor-widget-heading\" data-id=\"12c247b\" data-element_type=\"widget\" data-widget_type=\"heading.default\">\n\t\t\t\t<div class=\"elementor-widget-container\">\n\t\t\t\t\t<h2 class=\"elementor-heading-title elementor-size-default\">Sistemas Windows<\/h2>\t\t\t\t<\/div>\n\t\t\t\t<\/div>\n\t\t\t\t<div class=\"elementor-element elementor-element-24613a4 elementor-hidden-tablet elementor-hidden-mobile elementor-widget elementor-widget-text-editor\" data-id=\"24613a4\" data-element_type=\"widget\" data-widget_type=\"text-editor.default\">\n\t\t\t\t<div class=\"elementor-widget-container\">\n\t\t\t\t\t\t\t\t\t<p>La versi\u00f3n demo y la versi\u00f3n completa del programa son id\u00e9nticas. La versi\u00f3n de demostraci\u00f3n est\u00e1 limitada a 20 pistas y puede desbloquearse a la versi\u00f3n completa mediante una clave de licencia al precio de 29,95 EUR.<\/p>\n<p><u><b>Para todos los clientes: <\/b><\/u><br \/><b>Instala primero la \u00faltima versi\u00f3n de Adobe\u00ae AIR\u2122, que puedes <a href=\"https:\/\/airsdk.harman.com\/runtime\" target=\"_blank\" rel=\"noopener\">descargar aqu\u00ed<\/a>.<\/b><\/p>\n<p>\u00a1\u00a1\u00a1\u00a1<b>ATENCI\u00d3N &#8211;<\/b> <u>Aseg\u00farate de<\/u> descargar la versi\u00f3n del tiempo de <b>ejecuci\u00f3n de AIR que incluye WebKit <\/b>y <b>NO<\/b> la versi\u00f3n del tiempo de ejecuci\u00f3n de AIR, ya que esto puede provocar errores de visualizaci\u00f3n !!!!<\/p>\n<p><b>Para clientes que ya han instalado una versi\u00f3n anterior:<\/b><br \/>Por favor, instala primero la versi\u00f3n anterior<\/p>\n<p>(Carpeta: &#8230;\/Programas (x86)\/Author Track PlannerNG) completamente antes de instalar la nueva versi\u00f3n.<\/p>\n<p><b> <\/b><\/p>\n\t\t\t\t\t\t\t\t<\/div>\n\t\t\t\t<\/div>\n\t\t\t\t\t<\/div>\n\t\t<\/div>\n\t\t\t\t<div class=\"elementor-column elementor-col-50 elementor-inner-column elementor-element elementor-element-a5b5dff\" data-id=\"a5b5dff\" data-element_type=\"column\">\n\t\t\t<div class=\"elementor-widget-wrap elementor-element-populated\">\n\t\t\t\t\t\t<div class=\"elementor-element elementor-element-98f3e20 elementor-widget elementor-widget-heading\" data-id=\"98f3e20\" data-element_type=\"widget\" data-widget_type=\"heading.default\">\n\t\t\t\t<div class=\"elementor-widget-container\">\n\t\t\t\t\t<h2 class=\"elementor-heading-title elementor-size-default\">Sistemas Macintosh<\/h2>\t\t\t\t<\/div>\n\t\t\t\t<\/div>\n\t\t\t\t<div class=\"elementor-element elementor-element-690fb4d elementor-widget elementor-widget-text-editor\" data-id=\"690fb4d\" data-element_type=\"widget\" data-widget_type=\"text-editor.default\">\n\t\t\t\t<div class=\"elementor-widget-container\">\n\t\t\t\t\t\t\t\t\t<p>Carrera track planner versi\u00f3n 2022.001.002 <br \/>(17.06.2022) 5,3MB<\/p>\n\t\t\t\t\t\t\t\t<\/div>\n\t\t\t\t<\/div>\n\t\t\t\t<div class=\"elementor-element elementor-element-cc52cf8 elementor-tablet-align-justify elementor-widget elementor-widget-button\" data-id=\"cc52cf8\" data-element_type=\"widget\" data-widget_type=\"button.default\">\n\t\t\t\t<div class=\"elementor-widget-container\">\n\t\t\t\t\t\t\t\t\t<div class=\"elementor-button-wrapper\">\n\t\t\t\t\t<a class=\"elementor-button elementor-button-link elementor-size-sm\" href=\"#\">\n\t\t\t\t\t\t<span class=\"elementor-button-content-wrapper\">\n\t\t\t\t\t\t\t\t\t<span class=\"elementor-button-text\">Descargar para Macintosh<\/span>\n\t\t\t\t\t<\/span>\n\t\t\t\t\t<\/a>\n\t\t\t\t<\/div>\n\t\t\t\t\t\t\t\t<\/div>\n\t\t\t\t<\/div>\n\t\t\t\t<div class=\"elementor-element elementor-element-d21d0ae elementor-widget elementor-widget-heading\" data-id=\"d21d0ae\" data-element_type=\"widget\" data-widget_type=\"heading.default\">\n\t\t\t\t<div class=\"elementor-widget-container\">\n\t\t\t\t\t<h2 class=\"elementor-heading-title elementor-size-default\">Para usuarios de Macintosh<\/h2>\t\t\t\t<\/div>\n\t\t\t\t<\/div>\n\t\t\t\t<div class=\"elementor-element elementor-element-48c2072 elementor-hidden-tablet elementor-hidden-mobile elementor-widget elementor-widget-text-editor\" data-id=\"48c2072\" data-element_type=\"widget\" data-widget_type=\"text-editor.default\">\n\t\t\t\t<div class=\"elementor-widget-container\">\n\t\t\t\t\t\t\t\t\t<p>La versi\u00f3n demo y la versi\u00f3n completa del programa son id\u00e9nticas. La versi\u00f3n de demostraci\u00f3n est\u00e1 limitada a 20 pistas y puede desbloquearse a la versi\u00f3n completa mediante una clave de licencia al precio de 29,95 EUR.<\/p>\n<p><u><b>Para todos los clientes: <\/b><\/u><br \/><b>Instala primero la \u00faltima versi\u00f3n de Adobe\u00ae AIR\u2122, que puedes <a href=\"https:\/\/airsdk.harman.com\/runtime\" target=\"_blank\" rel=\"noopener\">descargar aqu\u00ed<\/a>.<\/b><\/p>\n<p>\u00a1\u00a1\u00a1\u00a1<b>ATENCI\u00d3N &#8211;<\/b> <u>Aseg\u00farate de<\/u> descargar la versi\u00f3n del tiempo de <b>ejecuci\u00f3n de AIR que incluye WebKit <\/b>y <b>NO<\/b> la versi\u00f3n del tiempo de ejecuci\u00f3n de AIR, ya que esto puede provocar errores de visualizaci\u00f3n !!!!<\/p>\n<p><b>Para clientes que ya han instalado una versi\u00f3n anterior:<\/b><br \/>Por favor, instala primero la versi\u00f3n anterior<\/p>\n<p>(carpeta: &#8230;\/Programas \/Author Track PlannerNG) completamente antes de instalar la nueva versi\u00f3n.<\/p>\n<p><b>ATENCI\u00d3N &#8211; Para usuarios de un MAC con hardware M1\/ARM:<\/b><\/p>\n<p>Algunas aplicaciones de AIR no se inician cuando se ejecutan en un dispositivo que utiliza Apple Silicon (hardware M1 \/ ARM). Para evitarlo, haga clic con el bot\u00f3n derecho del rat\u00f3n en el icono de la aplicaci\u00f3n dentro del Finder, seleccione \u00abObtener informaci\u00f3n\u00bb y, en el cuadro de di\u00e1logo resultante, marque la casilla \u00abAbrir con Rosetta\u00bb.<\/p>\n\t\t\t\t\t\t\t\t<\/div>\n\t\t\t\t<\/div>\n\t\t\t\t\t<\/div>\n\t\t<\/div>\n\t\t\t\t\t<\/div>\n\t\t<\/section>\n\t\t\t\t<section class=\"elementor-section elementor-inner-section elementor-element elementor-element-f0b36e3 elementor-section-boxed elementor-section-height-default elementor-section-height-default\" data-id=\"f0b36e3\" data-element_type=\"section\">\n\t\t\t\t\t\t<div class=\"elementor-container elementor-column-gap-default\">\n\t\t\t\t\t<div class=\"elementor-column elementor-col-33 elementor-inner-column elementor-element elementor-element-e648a06\" data-id=\"e648a06\" data-element_type=\"column\">\n\t\t\t<div class=\"elementor-widget-wrap elementor-element-populated\">\n\t\t\t\t\t\t<div class=\"elementor-element elementor-element-2d6b46e elementor-widget elementor-widget-heading\" data-id=\"2d6b46e\" data-element_type=\"widget\" data-widget_type=\"heading.default\">\n\t\t\t\t<div class=\"elementor-widget-container\">\n\t\t\t\t\t<h2 class=\"elementor-heading-title elementor-size-default\">Instrucciones de instalaci\u00f3n<\/h2>\t\t\t\t<\/div>\n\t\t\t\t<\/div>\n\t\t\t\t<div class=\"elementor-element elementor-element-70d5986 elementor-widget elementor-widget-text-editor\" data-id=\"70d5986\" data-element_type=\"widget\" data-widget_type=\"text-editor.default\">\n\t\t\t\t<div class=\"elementor-widget-container\">\n\t\t\t\t\t\t\t\t\t<p>como PDF 236KB<\/p>\n\t\t\t\t\t\t\t\t<\/div>\n\t\t\t\t<\/div>\n\t\t\t\t<div class=\"elementor-element elementor-element-3eaf2fb elementor-tablet-align-justify elementor-widget elementor-widget-button\" data-id=\"3eaf2fb\" data-element_type=\"widget\" data-widget_type=\"button.default\">\n\t\t\t\t<div class=\"elementor-widget-container\">\n\t\t\t\t\t\t\t\t\t<div class=\"elementor-button-wrapper\">\n\t\t\t\t\t<a class=\"elementor-button elementor-button-link elementor-size-sm\" href=\"#\">\n\t\t\t\t\t\t<span class=\"elementor-button-content-wrapper\">\n\t\t\t\t\t\t\t\t\t<span class=\"elementor-button-text\">Descargar instrucciones<\/span>\n\t\t\t\t\t<\/span>\n\t\t\t\t\t<\/a>\n\t\t\t\t<\/div>\n\t\t\t\t\t\t\t\t<\/div>\n\t\t\t\t<\/div>\n\t\t\t\t\t<\/div>\n\t\t<\/div>\n\t\t\t\t<div class=\"elementor-column elementor-col-33 elementor-inner-column elementor-element elementor-element-de3dc5c\" data-id=\"de3dc5c\" data-element_type=\"column\">\n\t\t\t<div class=\"elementor-widget-wrap elementor-element-populated\">\n\t\t\t\t\t\t<div class=\"elementor-element elementor-element-849a692 elementor-widget elementor-widget-heading\" data-id=\"849a692\" data-element_type=\"widget\" data-widget_type=\"heading.default\">\n\t\t\t\t<div class=\"elementor-widget-container\">\n\t\t\t\t\t<h2 class=\"elementor-heading-title elementor-size-default\">ADOBE\u00ae AIR\u2122<\/h2>\t\t\t\t<\/div>\n\t\t\t\t<\/div>\n\t\t\t\t<div class=\"elementor-element elementor-element-efa08dc elementor-widget elementor-widget-text-editor\" data-id=\"efa08dc\" data-element_type=\"widget\" data-widget_type=\"text-editor.default\">\n\t\t\t\t<div class=\"elementor-widget-container\">\n\t\t\t\t\t\t\t\t\t<p>Instale primero la \u00faltima versi\u00f3n de Adobe\u00ae AIR\u2122, que puede descargar aqu\u00ed.<\/p>\n\t\t\t\t\t\t\t\t<\/div>\n\t\t\t\t<\/div>\n\t\t\t\t<div class=\"elementor-element elementor-element-6766ca2 elementor-tablet-align-justify elementor-widget elementor-widget-button\" data-id=\"6766ca2\" data-element_type=\"widget\" data-widget_type=\"button.default\">\n\t\t\t\t<div class=\"elementor-widget-container\">\n\t\t\t\t\t\t\t\t\t<div class=\"elementor-button-wrapper\">\n\t\t\t\t\t<a class=\"elementor-button elementor-button-link elementor-size-sm\" href=\"#\">\n\t\t\t\t\t\t<span class=\"elementor-button-content-wrapper\">\n\t\t\t\t\t\t\t\t\t<span class=\"elementor-button-text\">Descargar Adobe AIR<\/span>\n\t\t\t\t\t<\/span>\n\t\t\t\t\t<\/a>\n\t\t\t\t<\/div>\n\t\t\t\t\t\t\t\t<\/div>\n\t\t\t\t<\/div>\n\t\t\t\t\t<\/div>\n\t\t<\/div>\n\t\t\t\t<div class=\"elementor-column elementor-col-33 elementor-inner-column elementor-element elementor-element-add2427 elementor-hidden-tablet elementor-hidden-mobile\" data-id=\"add2427\" data-element_type=\"column\">\n\t\t\t<div class=\"elementor-widget-wrap\">\n\t\t\t\t\t\t\t<\/div>\n\t\t<\/div>\n\t\t\t\t\t<\/div>\n\t\t<\/section>\n\t\t\t\t\t<\/div>\n\t\t<\/div>\n\t\t\t\t\t<\/div>\n\t\t<\/section>\n\t\t\t\t<section class=\"elementor-section elementor-top-section elementor-element elementor-element-a4b728e elementor-section-boxed elementor-section-height-default elementor-section-height-default\" data-id=\"a4b728e\" data-element_type=\"section\" data-settings=\"{&quot;background_background&quot;:&quot;classic&quot;}\">\n\t\t\t\t\t\t<div class=\"elementor-container elementor-column-gap-default\">\n\t\t\t\t\t<div class=\"elementor-column elementor-col-100 elementor-top-column elementor-element elementor-element-e428a5e\" data-id=\"e428a5e\" data-element_type=\"column\">\n\t\t\t<div class=\"elementor-widget-wrap elementor-element-populated\">\n\t\t\t\t\t\t<div class=\"elementor-element elementor-element-801cc9b elementor-widget elementor-widget-heading\" data-id=\"801cc9b\" data-element_type=\"widget\" data-widget_type=\"heading.default\">\n\t\t\t\t<div class=\"elementor-widget-container\">\n\t\t\t\t\t<h2 class=\"elementor-heading-title elementor-size-default\">Historia de la publicaci\u00f3n<\/h2>\t\t\t\t<\/div>\n\t\t\t\t<\/div>\n\t\t\t\t\t<\/div>\n\t\t<\/div>\n\t\t\t\t\t<\/div>\n\t\t<\/section>\n\t\t\t\t<section class=\"elementor-section elementor-top-section elementor-element elementor-element-e5e5e97 elementor-section-boxed elementor-section-height-default elementor-section-height-default\" data-id=\"e5e5e97\" data-element_type=\"section\" data-settings=\"{&quot;background_background&quot;:&quot;classic&quot;}\">\n\t\t\t\t\t\t<div class=\"elementor-container elementor-column-gap-no\">\n\t\t\t\t\t<div class=\"elementor-column elementor-col-50 elementor-top-column elementor-element elementor-element-a0d60c0\" data-id=\"a0d60c0\" data-element_type=\"column\" data-settings=\"{&quot;background_background&quot;:&quot;classic&quot;}\">\n\t\t\t<div class=\"elementor-widget-wrap elementor-element-populated\">\n\t\t\t\t\t\t<div class=\"elementor-element elementor-element-f7d8d28 elementor-widget elementor-widget-heading\" data-id=\"f7d8d28\" data-element_type=\"widget\" data-widget_type=\"heading.default\">\n\t\t\t\t<div class=\"elementor-widget-container\">\n\t\t\t\t\t<h2 class=\"elementor-heading-title elementor-size-default\">\u00bfA\u00fan no est\u00e1 seguro? Pruebe entonces la <b>versi\u00f3n demo gratuita<\/b> <b>del Autorennbahnplaner<\/b>. <\/h2>\t\t\t\t<\/div>\n\t\t\t\t<\/div>\n\t\t\t\t<div class=\"elementor-element elementor-element-c1d8d36 elementor-tablet-align-justify elementor-widget elementor-widget-button\" data-id=\"c1d8d36\" data-element_type=\"widget\" data-widget_type=\"button.default\">\n\t\t\t\t<div class=\"elementor-widget-container\">\n\t\t\t\t\t\t\t\t\t<div class=\"elementor-button-wrapper\">\n\t\t\t\t\t<a class=\"elementor-button elementor-button-link elementor-size-sm\" href=\"#\">\n\t\t\t\t\t\t<span class=\"elementor-button-content-wrapper\">\n\t\t\t\t\t\t\t\t\t<span class=\"elementor-button-text\">\u00a1Presiona y despega!<\/span>\n\t\t\t\t\t<\/span>\n\t\t\t\t\t<\/a>\n\t\t\t\t<\/div>\n\t\t\t\t\t\t\t\t<\/div>\n\t\t\t\t<\/div>\n\t\t\t\t\t<\/div>\n\t\t<\/div>\n\t\t\t\t<div class=\"elementor-column elementor-col-50 elementor-top-column elementor-element elementor-element-59b9a2b\" data-id=\"59b9a2b\" data-element_type=\"column\">\n\t\t\t<div class=\"elementor-widget-wrap\">\n\t\t\t\t\t\t\t<\/div>\n\t\t<\/div>\n\t\t\t\t\t<\/div>\n\t\t<\/section>\n\t\t\t\t<\/div>\n\t\t","protected":false},"excerpt":{"rendered":"<p>Descargar el software ahora Sistemas Windows Carrera track planner versi\u00f3n 2022.001.002 (17.06.2022) 4,2MB Descargar para Windows Sistemas Windows La versi\u00f3n demo y la versi\u00f3n completa del programa son id\u00e9nticas. La versi\u00f3n de demostraci\u00f3n est\u00e1 limitada a 20 pistas y puede desbloquearse a la versi\u00f3n completa mediante una clave de licencia al precio de 29,95 EUR. [&hellip;]<\/p>\n","protected":false},"author":1,"featured_media":0,"parent":0,"menu_order":0,"comment_status":"closed","ping_status":"closed","template":"elementor_header_footer","meta":{"footnotes":""},"class_list":["post-4063","page","type-page","status-publish","hentry"],"_links":{"self":[{"href":"https:\/\/autorennbahnplaner.de\/es\/wp-json\/wp\/v2\/pages\/4063","targetHints":{"allow":["GET"]}}],"collection":[{"href":"https:\/\/autorennbahnplaner.de\/es\/wp-json\/wp\/v2\/pages"}],"about":[{"href":"https:\/\/autorennbahnplaner.de\/es\/wp-json\/wp\/v2\/types\/page"}],"author":[{"embeddable":true,"href":"https:\/\/autorennbahnplaner.de\/es\/wp-json\/wp\/v2\/users\/1"}],"replies":[{"embeddable":true,"href":"https:\/\/autorennbahnplaner.de\/es\/wp-json\/wp\/v2\/comments?post=4063"}],"version-history":[{"count":2,"href":"https:\/\/autorennbahnplaner.de\/es\/wp-json\/wp\/v2\/pages\/4063\/revisions"}],"predecessor-version":[{"id":8453,"href":"https:\/\/autorennbahnplaner.de\/es\/wp-json\/wp\/v2\/pages\/4063\/revisions\/8453"}],"wp:attachment":[{"href":"https:\/\/autorennbahnplaner.de\/es\/wp-json\/wp\/v2\/media?parent=4063"}],"curies":[{"name":"wp","href":"https:\/\/api.w.org\/{rel}","templated":true}]}}