{"id":4056,"date":"2022-12-16T15:47:32","date_gmt":"2022-12-16T14:47:32","guid":{"rendered":"https:\/\/autorennbahnplaner.de\/agb\/"},"modified":"2023-10-16T10:58:45","modified_gmt":"2023-10-16T08:58:45","slug":"agb","status":"publish","type":"page","link":"https:\/\/autorennbahnplaner.de\/es\/agb\/","title":{"rendered":"AGB"},"content":{"rendered":"\t\t<div data-elementor-type=\"wp-page\" data-elementor-id=\"4056\" class=\"elementor elementor-4056 elementor-23\" data-elementor-post-type=\"page\">\n\t\t\t\t\t\t<section class=\"elementor-section elementor-top-section elementor-element elementor-element-6ca26eb elementor-section-boxed elementor-section-height-default elementor-section-height-default\" data-id=\"6ca26eb\" data-element_type=\"section\" data-settings=\"{&quot;background_background&quot;:&quot;gradient&quot;}\">\n\t\t\t\t\t\t<div class=\"elementor-container elementor-column-gap-no\">\n\t\t\t\t\t<div class=\"elementor-column elementor-col-100 elementor-top-column elementor-element elementor-element-1b675d7\" data-id=\"1b675d7\" data-element_type=\"column\">\n\t\t\t<div class=\"elementor-widget-wrap elementor-element-populated\">\n\t\t\t\t\t\t<div class=\"elementor-element elementor-element-b84580f elementor-widget elementor-widget-text-editor\" data-id=\"b84580f\" data-element_type=\"widget\" data-widget_type=\"text-editor.default\">\n\t\t\t\t<div class=\"elementor-widget-container\">\n\t\t\t\t\t\t\t\t\t<h1>Condiciones generales <\/h1>\n<h4>\u00a7 1 \u00c1mbito de aplicaci\u00f3n, informaci\u00f3n al cliente<\/h4>\n<p>Las siguientes Condiciones Generales de Contrataci\u00f3n (CGC) regulan la relaci\u00f3n contractual entre Mark Erik Prinz (www.autorennbahnplaner.de) y los consumidores y empresarios que adquieran productos a trav\u00e9s de nuestra tienda. No reconocemos ninguna condici\u00f3n que entre en conflicto con nuestras condiciones o se desv\u00ede de ellas. La lengua contractual es el alem\u00e1n.<\/p>\n\n<h4>\u00a7 2 Celebraci\u00f3n del contrato<\/h4>\n<p>(1) Las ofertas en Internet representan para usted una oferta vinculante de compra de bienes.<\/p>\n<p>(2) Puede a\u00f1adir uno o varios productos a la cesta de la compra. Durante el proceso de pedido, usted introduce sus datos y deseos relativos a la forma de pago, etc. S\u00f3lo haciendo clic en el bot\u00f3n de pedido acepta esta oferta para celebrar un contrato de compra. Si no ha dado su consentimiento para la liberaci\u00f3n inmediata de la descarga y la correspondiente renuncia a su derecho de desistimiento, los productos s\u00f3lo se liberar\u00e1n una vez transcurrido el plazo de desistimiento de 14 d\u00edas. Si ha dado su consentimiento, los productos estar\u00e1n disponibles para su descarga inmediata tras la celebraci\u00f3n del contrato.<\/p>\n<h4>\u00a7 3 Sin l\u00edmite de tiempo<\/h4>\n<p>Una vez adquirido el producto, no hay l\u00edmite de tiempo para la descarga. Tras la activaci\u00f3n, puede acceder al enlace y descargar el producto en cualquier momento a trav\u00e9s de su inicio de sesi\u00f3n de cliente.<\/p>\n<h4>\u00a7 4 N\u00famero de descargas<\/h4>\n<p>El n\u00famero de descargas no est\u00e1 limitado.<\/p>\n<h4>\u00a7 5 Protecci\u00f3n anticopia<\/h4>\n<p>Los productos de descarga est\u00e1n protegidos contra copia. No se puede eludir la protecci\u00f3n anticopia para hacer copias privadas en otros soportes. En el caso de los programas inform\u00e1ticos, existe una excepci\u00f3n a la protecci\u00f3n anticopia. La creaci\u00f3n de una copia de seguridad est\u00e1 permitida si es necesaria para garantizar un uso futuro. N\u00famero de copias permitidas: una Software.<\/p>\n<h4>\u00a7 6 Informaci\u00f3n al cliente: Almacenamiento del texto del contrato<\/h4>\n<p>Su pedido con los detalles del contrato celebrado (por ejemplo, tipo de producto, precio, etc.) ser\u00e1 almacenado por nosotros. Sin embargo, no puede acceder a sus pedidos anteriores a trav\u00e9s de Internet. Le enviaremos las CGC, pero tambi\u00e9n puede acceder a ellas en cualquier momento a trav\u00e9s de nuestro sitio web. Si desea guardar la descripci\u00f3n del producto en nuestra p\u00e1gina de la tienda para sus propios fines, puede, por ejemplo, hacer una captura de pantalla (= fotograf\u00eda de pantalla) en el momento de realizar el pedido o, alternativamente, imprimir la p\u00e1gina completa.<\/p>\n<h4>\u00a7 7 Informaci\u00f3n al cliente: Aviso de rectificaci\u00f3n<\/h4>\n<p>Puede corregir sus entradas en cualquier momento antes de enviar el pedido pulsando la tecla Supr. Le informaremos sobre otras opciones de correcci\u00f3n durante el proceso de pedido. Tambi\u00e9n puede finalizar completamente el proceso de pedido en cualquier momento cerrando la ventana del navegador.<\/p>\n<h4>\u00a7 8 Derechos legales de responsabilidad por defectos<\/h4>\n<p>Existen derechos legales de responsabilidad por defectos para nuestras mercanc\u00edas.<\/p>\n<h4>\u00a7 9 Limitaci\u00f3n de responsabilidad<\/h4>\n<p>Excluimos la responsabilidad por incumplimientos ligeramente negligentes del deber en la medida en que no se refieran a obligaciones contractuales materiales, da\u00f1os derivados de lesiones a la vida, la integridad f\u00edsica o la salud, o garant\u00edas. Lo mismo se aplica a los incumplimientos de obligaciones por parte de nuestros auxiliares ejecutivos y nuestros representantes legales. Las obligaciones contractuales esenciales incluyen, en particular, la obligaci\u00f3n de proporcionarle los bienes libres de defectos<\/p>\t\t\t\t\t\t\t\t<\/div>\n\t\t\t\t<\/div>\n\t\t\t\t\t<\/div>\n\t\t<\/div>\n\t\t\t\t\t<\/div>\n\t\t<\/section>\n\t\t\t\t<\/div>\n\t\t","protected":false},"excerpt":{"rendered":"<p>Condiciones generales \u00a7 1 \u00c1mbito de aplicaci\u00f3n, informaci\u00f3n al cliente Las siguientes Condiciones Generales de Contrataci\u00f3n (CGC) regulan la relaci\u00f3n contractual entre Mark Erik Prinz (www.autorennbahnplaner.de) y los consumidores y empresarios que adquieran productos a trav\u00e9s de nuestra tienda. No reconocemos ninguna condici\u00f3n que entre en conflicto con nuestras condiciones o se desv\u00ede de ellas. [&hellip;]<\/p>\n","protected":false},"author":1,"featured_media":0,"parent":0,"menu_order":0,"comment_status":"closed","ping_status":"closed","template":"","meta":{"footnotes":""},"class_list":["post-4056","page","type-page","status-publish","hentry"],"_links":{"self":[{"href":"https:\/\/autorennbahnplaner.de\/es\/wp-json\/wp\/v2\/pages\/4056","targetHints":{"allow":["GET"]}}],"collection":[{"href":"https:\/\/autorennbahnplaner.de\/es\/wp-json\/wp\/v2\/pages"}],"about":[{"href":"https:\/\/autorennbahnplaner.de\/es\/wp-json\/wp\/v2\/types\/page"}],"author":[{"embeddable":true,"href":"https:\/\/autorennbahnplaner.de\/es\/wp-json\/wp\/v2\/users\/1"}],"replies":[{"embeddable":true,"href":"https:\/\/autorennbahnplaner.de\/es\/wp-json\/wp\/v2\/comments?post=4056"}],"version-history":[{"count":2,"href":"https:\/\/autorennbahnplaner.de\/es\/wp-json\/wp\/v2\/pages\/4056\/revisions"}],"predecessor-version":[{"id":4533,"href":"https:\/\/autorennbahnplaner.de\/es\/wp-json\/wp\/v2\/pages\/4056\/revisions\/4533"}],"wp:attachment":[{"href":"https:\/\/autorennbahnplaner.de\/es\/wp-json\/wp\/v2\/media?parent=4056"}],"curies":[{"name":"wp","href":"https:\/\/api.w.org\/{rel}","templated":true}]}}