{"id":3843,"date":"2022-12-16T15:39:08","date_gmt":"2022-12-16T14:39:08","guid":{"rendered":"https:\/\/autorennbahnplaner.de\/mi-cuenta\/"},"modified":"2023-09-06T17:28:43","modified_gmt":"2023-09-06T15:28:43","slug":"mi-cuenta","status":"publish","type":"page","link":"https:\/\/autorennbahnplaner.de\/es\/mi-cuenta\/","title":{"rendered":"Mi cuenta"},"content":{"rendered":"\t\t<div data-elementor-type=\"wp-page\" data-elementor-id=\"3843\" class=\"elementor elementor-3843 elementor-13\" data-elementor-post-type=\"page\">\n\t\t\t\t\t\t<section class=\"elementor-section elementor-top-section elementor-element elementor-element-3de5af5 elementor-section-height-min-height elementor-section-items-top elementor-section-boxed elementor-section-height-default\" data-id=\"3de5af5\" data-element_type=\"section\" data-settings=\"{&quot;background_background&quot;:&quot;gradient&quot;}\">\n\t\t\t\t\t\t<div class=\"elementor-container elementor-column-gap-no\">\n\t\t\t\t\t<div class=\"elementor-column elementor-col-100 elementor-top-column elementor-element elementor-element-a3526ac\" data-id=\"a3526ac\" data-element_type=\"column\">\n\t\t\t<div class=\"elementor-widget-wrap elementor-element-populated\">\n\t\t\t\t\t\t<div class=\"elementor-element elementor-element-2b75c24 e-my-account-tabs-vertical elementor-widget elementor-widget-woocommerce-my-account\" data-id=\"2b75c24\" data-element_type=\"widget\" data-widget_type=\"woocommerce-my-account.default\">\n\t\t\t\t<div class=\"elementor-widget-container\">\n\t\t\t\t\t<div class=\"e-my-account-tab e-my-account-tab__ \">\t\t\t<div class=\"woocommerce\"><\/div>\t\t<\/div>\n\t\t\t\t\t\t<\/div>\n\t\t\t\t<\/div>\n\t\t\t\t\t<\/div>\n\t\t<\/div>\n\t\t\t\t\t<\/div>\n\t\t<\/section>\n\t\t\t\t<\/div>\n\t\t","protected":false},"excerpt":{"rendered":"<p>Visi\u00f3n general Pedidos Factura \/ direcci\u00f3n de entrega Datos de la cuenta Cierre de sesi\u00f3n Lizenzschl\u00fcssel Hallo eg_topinx (nicht eg_topinx? Abmelden) In deiner Konto-\u00dcbersicht kannst du deine letzten Bestellungen ansehen, deine Liefer- und Rechnungsadresse verwalten und dein Passwort und die Kontodetails bearbeiten.<\/p>\n","protected":false},"author":1,"featured_media":0,"parent":0,"menu_order":0,"comment_status":"closed","ping_status":"closed","template":"","meta":{"footnotes":""},"class_list":["post-3843","page","type-page","status-publish","hentry"],"_links":{"self":[{"href":"https:\/\/autorennbahnplaner.de\/es\/wp-json\/wp\/v2\/pages\/3843","targetHints":{"allow":["GET"]}}],"collection":[{"href":"https:\/\/autorennbahnplaner.de\/es\/wp-json\/wp\/v2\/pages"}],"about":[{"href":"https:\/\/autorennbahnplaner.de\/es\/wp-json\/wp\/v2\/types\/page"}],"author":[{"embeddable":true,"href":"https:\/\/autorennbahnplaner.de\/es\/wp-json\/wp\/v2\/users\/1"}],"replies":[{"embeddable":true,"href":"https:\/\/autorennbahnplaner.de\/es\/wp-json\/wp\/v2\/comments?post=3843"}],"version-history":[{"count":1,"href":"https:\/\/autorennbahnplaner.de\/es\/wp-json\/wp\/v2\/pages\/3843\/revisions"}],"predecessor-version":[{"id":4791,"href":"https:\/\/autorennbahnplaner.de\/es\/wp-json\/wp\/v2\/pages\/3843\/revisions\/4791"}],"wp:attachment":[{"href":"https:\/\/autorennbahnplaner.de\/es\/wp-json\/wp\/v2\/media?parent=3843"}],"curies":[{"name":"wp","href":"https:\/\/api.w.org\/{rel}","templated":true}]}}